{"id":8038,"date":"2026-03-26T14:14:05","date_gmt":"2026-03-26T17:14:05","guid":{"rendered":"https:\/\/www.flacunhasemijoias.com.br\/loja\/?page_id=8038"},"modified":"2026-03-30T20:07:21","modified_gmt":"2026-03-30T23:07:21","slug":"termos-de-garantia","status":"publish","type":"page","link":"https:\/\/www.flacunhasemijoias.com.br\/loja\/termos-de-garantia\/","title":{"rendered":"Termos de Garantia"},"content":{"rendered":"\n<p>Os nossos produtos em geral possuem garantia de 12 meses a partir da data da compra contra defeitos de fabrica\u00e7\u00e3o, compreendendo 90 dias de garantia legal e mais 9 meses de garantia contratual. Especificamente para as pe\u00e7as vendidas em promo\u00e7\u00e3o (tamb\u00e9m apresentadas como &#8220;sale&#8221;)  a garantia \u00e9 de 90 dias.<\/p>\n\n\n\n<p>A garantia cobre o processo de banho, a crava\u00e7\u00e3o de pedras, fechos e amarra\u00e7\u00f5es, desde que n\u00e3o seja constatado mau uso e que todas as partes do produto sejam retornadas para n\u00f3s. Exemplo de casos n\u00e3o cobertos pela garantia:<\/p>\n\n\n\n<ul class=\"wp-block-list\">\n<li>Amassados ou deforma\u00e7\u00f5es em geral;<\/li>\n\n\n\n<li>Pedras ou p\u00e9rolas quebradas, trincadas ou riscadas devido a quedas;<\/li>\n\n\n\n<li>Queda de pedras devido a deforma\u00e7\u00f5es da estrutura da pe\u00e7a;<\/li>\n\n\n\n<li>Riscados ou desgastes causados por atrito;<\/li>\n\n\n\n<li>Manchas provenientes de oxida\u00e7\u00e3o ou rea\u00e7\u00e3o a produtos qu\u00edmicos tais como: perfumes, cremes, tinturas, solventes, \u00e1gua de piscina, \u00e1gua do mar ou quaisquer produtos que tenham qu\u00edmica similar;<\/li>\n\n\n\n<li>Quebra de pinos de brincos.<\/li>\n<\/ul>\n\n\n\n<p>Para as pe\u00e7as confeccionadas com pedras naturais, por se tratar de fabrica\u00e7\u00e3o individualizada e de pedras n\u00e3o padronizadas, uma vez que as mesmas arrebentem, s\u00f3 ter\u00e1 conserto se n\u00e3o houver perda de qualquer pedra, caso contr\u00e1rio, perder\u00e1 a garantia.<\/p>\n\n\n\n<p>Caso ocorra perda parcial ou total do banho em virtude do desgaste natural, aplica-se normalmente a garantia de 12 meses e as pe\u00e7as podem ser enviadas para conserto.<\/p>\n\n\n\n<h4 class=\"wp-block-heading\"><strong>Procedimento para Acionar a Garantia<\/strong><\/h4>\n\n\n\n<p>Inicialmente, o cliente dever\u00e1 entrar em contato com a Fl\u00e1 Cunha Semijoias para confirmar a aplicabilidade da garantia e alinhar o procedimento. <\/p>\n\n\n\n<p>Caso aplic\u00e1vel, o produto danificado dever\u00e1 ser entregue pessoalmente ou enviadas ao nosso escrit\u00f3rio por meio de PAC ou SEDEX para o endere\u00e7o de nossa loja:<\/p>\n\n\n\n<pre class=\"wp-block-preformatted\">A\/C Fl\u00e1 Cunha Semijoias<br>Rua Jaime Sequier, 1000<br>Parque Taquaral<br>Campinas \u2013 SP<br>13087-140<\/pre>\n\n\n\n<p>O produto dever\u00e1 ser entregue em sua totalidade (sem pe\u00e7as, partes ou pedras faltando) para n\u00e3o inviabilizar o conserto e, por consequ\u00eancia, anular a garantia.<\/p>\n\n\n\n<p>As pe\u00e7as ser\u00e3o enviadas pela Fl\u00e1 Cunha Semijoias para o fornecedor\/fabricante que analisar\u00e1 o defeito da pe\u00e7a e poder\u00e1, com base nestes termos, acatar ou negar o acionamento da garantia. Caso seja acatada, o fornecedor\/fabricante poder\u00e1, a seu livre crit\u00e9rio, consertar a pe\u00e7a ou a substituir por outra semelhante. Em casos em que nenhuma destas alternativas sejam vi\u00e1veis, a Fl\u00e1 Cunha Semijoias ir\u00e1 reembolsar o valor pago pelo produto.<\/p>\n\n\n\n<p>A devolu\u00e7\u00e3o da pe\u00e7a ser\u00e1 feita pelo mesmo meio em que ela foi originalmente comprada: entregue em m\u00e3os em nossa loja ou via transportadora\/Correios em caso de compra feita pela nossa loja virtual.<\/p>\n\n\n\n<h4 class=\"wp-block-heading\"><strong>Prazos<\/strong><\/h4>\n\n\n\n<p>Pedimos um prazo de at\u00e9 90 dias contados a partir da data em que a pe\u00e7a for entregue \u00e0 n\u00f3s, independente do meio pelo qual a mesma foi enviada.<\/p>\n\n\n\n<h4 class=\"wp-block-heading\"><strong>Despesas e Frete<\/strong><\/h4>\n\n\n\n<p>As despesas com o envio e retirada da pe\u00e7a em nossa loja ser\u00e3o pagas pelo pr\u00f3prio cliente.<\/p>\n\n\n\n<p>No caso de pe\u00e7as compradas pela loja virtual, as despesas para o retorno dos produtos consertados ser\u00e3o custeados pela Fl\u00e1 Cunha Semijoias.<\/p>\n\n\n\n<h4 class=\"wp-block-heading\"><strong>Demais Termos<\/strong><\/h4>\n\n\n\n<p>Para compras em nossa loja virtual, veja os demais <a href=\"..\/termos-de-servico\/\" title=\"\">termos e condi\u00e7\u00f5es<\/a> aplic\u00e1veis.<\/p>\n\n\n\n<p><\/p>\n","protected":false},"excerpt":{"rendered":"<p>Os nossos produtos em geral possuem garantia de 12 meses a partir da data da compra contra defeitos de fabrica\u00e7\u00e3o, compreendendo 90 dias de garantia legal e mais 9 meses de garantia contratual. Especificamente para as pe\u00e7as vendidas em promo\u00e7\u00e3o (tamb\u00e9m apresentadas como &#8220;sale&#8221;) a garantia \u00e9 de 90 dias. A garantia cobre o processo [&hellip;]<\/p>\n","protected":false},"author":1,"featured_media":0,"parent":0,"menu_order":0,"comment_status":"closed","ping_status":"closed","template":"","meta":{"footnotes":""},"class_list":["post-8038","page","type-page","status-publish","hentry"],"aioseo_notices":[],"_links":{"self":[{"href":"https:\/\/www.flacunhasemijoias.com.br\/loja\/wp-json\/wp\/v2\/pages\/8038","targetHints":{"allow":["GET"]}}],"collection":[{"href":"https:\/\/www.flacunhasemijoias.com.br\/loja\/wp-json\/wp\/v2\/pages"}],"about":[{"href":"https:\/\/www.flacunhasemijoias.com.br\/loja\/wp-json\/wp\/v2\/types\/page"}],"author":[{"embeddable":true,"href":"https:\/\/www.flacunhasemijoias.com.br\/loja\/wp-json\/wp\/v2\/users\/1"}],"replies":[{"embeddable":true,"href":"https:\/\/www.flacunhasemijoias.com.br\/loja\/wp-json\/wp\/v2\/comments?post=8038"}],"version-history":[{"count":10,"href":"https:\/\/www.flacunhasemijoias.com.br\/loja\/wp-json\/wp\/v2\/pages\/8038\/revisions"}],"predecessor-version":[{"id":8130,"href":"https:\/\/www.flacunhasemijoias.com.br\/loja\/wp-json\/wp\/v2\/pages\/8038\/revisions\/8130"}],"wp:attachment":[{"href":"https:\/\/www.flacunhasemijoias.com.br\/loja\/wp-json\/wp\/v2\/media?parent=8038"}],"curies":[{"name":"wp","href":"https:\/\/api.w.org\/{rel}","templated":true}]}}