{"id":2168,"date":"2025-03-13T12:25:44","date_gmt":"2025-03-13T15:25:44","guid":{"rendered":"https:\/\/www.flacunhasemijoias.com.br\/loja\/?post_type=product&#038;p=2168"},"modified":"2025-11-18T17:35:04","modified_gmt":"2025-11-18T20:35:04","slug":"earhook-zirconias-coloridas-rodio-branco","status":"publish","type":"product","link":"https:\/\/www.flacunhasemijoias.com.br\/loja\/produto\/earhook-zirconias-coloridas-rodio-branco\/","title":{"rendered":"Brinco Ear hook com Zirc\u00f4nias Coloridas de R\u00f3dio Branco"},"content":{"rendered":"<p>Brinco ear hook com zirc\u00f4nias coloridas de r\u00f3dio branco.<\/p>\n","protected":false},"excerpt":{"rendered":"<p>Brinco ear hook com zirc\u00f4nias coloridas de r\u00f3dio branco.<\/p>\n","protected":false},"featured_media":2169,"template":"","meta":[],"product_brand":[],"product_cat":[45],"product_tag":[66,72,160,118],"class_list":{"0":"post-2168","1":"product","2":"type-product","3":"status-publish","4":"has-post-thumbnail","6":"product_cat-brincos","7":"product_tag-brinco","8":"product_tag-cravejado","9":"product_tag-rodio-branco","10":"product_tag-zirconia-colorida","12":"first","13":"outofstock","14":"shipping-taxable","15":"purchasable","16":"product-type-simple"},"aioseo_notices":[],"_links":{"self":[{"href":"https:\/\/www.flacunhasemijoias.com.br\/loja\/wp-json\/wp\/v2\/product\/2168","targetHints":{"allow":["GET"]}}],"collection":[{"href":"https:\/\/www.flacunhasemijoias.com.br\/loja\/wp-json\/wp\/v2\/product"}],"about":[{"href":"https:\/\/www.flacunhasemijoias.com.br\/loja\/wp-json\/wp\/v2\/types\/product"}],"wp:featuredmedia":[{"embeddable":true,"href":"https:\/\/www.flacunhasemijoias.com.br\/loja\/wp-json\/wp\/v2\/media\/2169"}],"wp:attachment":[{"href":"https:\/\/www.flacunhasemijoias.com.br\/loja\/wp-json\/wp\/v2\/media?parent=2168"}],"wp:term":[{"taxonomy":"product_brand","embeddable":true,"href":"https:\/\/www.flacunhasemijoias.com.br\/loja\/wp-json\/wp\/v2\/product_brand?post=2168"},{"taxonomy":"product_cat","embeddable":true,"href":"https:\/\/www.flacunhasemijoias.com.br\/loja\/wp-json\/wp\/v2\/product_cat?post=2168"},{"taxonomy":"product_tag","embeddable":true,"href":"https:\/\/www.flacunhasemijoias.com.br\/loja\/wp-json\/wp\/v2\/product_tag?post=2168"}],"curies":[{"name":"wp","href":"https:\/\/api.w.org\/{rel}","templated":true}]}}