{"id":2269,"date":"2025-03-13T17:15:24","date_gmt":"2025-03-13T20:15:24","guid":{"rendered":"https:\/\/www.flacunhasemijoias.com.br\/loja\/?post_type=product&#038;p=2269"},"modified":"2025-11-08T14:52:12","modified_gmt":"2025-11-08T17:52:12","slug":"brinco-5-petalas-cravejada-de-zirconias-prata-925","status":"publish","type":"product","link":"https:\/\/www.flacunhasemijoias.com.br\/loja\/produto\/brinco-5-petalas-cravejada-de-zirconias-prata-925\/","title":{"rendered":"Brinco Flor 5 P\u00e9talas Cravejadas de Zirc\u00f4nias de Prata 925"},"content":{"rendered":"<p>Brinco de prata 925, flor com 5 p\u00e9talas cravejadas de zirc\u00f4nias.<\/p>\n","protected":false},"excerpt":{"rendered":"<p>Brinco de prata 925, flor com 5 p\u00e9talas cravejadas de zirc\u00f4nias.<\/p>\n","protected":false},"featured_media":2271,"template":"","meta":[],"product_brand":[],"product_cat":[45],"product_tag":[166,66,72,141,54],"class_list":{"0":"post-2269","1":"product","2":"type-product","3":"status-publish","4":"has-post-thumbnail","6":"product_cat-brincos","7":"product_tag-5-petalas","8":"product_tag-brinco","9":"product_tag-cravejado","10":"product_tag-prata-925","11":"product_tag-zirconia","13":"first","14":"instock","15":"shipping-taxable","16":"purchasable","17":"product-type-simple"},"aioseo_notices":[],"_links":{"self":[{"href":"https:\/\/www.flacunhasemijoias.com.br\/loja\/wp-json\/wp\/v2\/product\/2269","targetHints":{"allow":["GET"]}}],"collection":[{"href":"https:\/\/www.flacunhasemijoias.com.br\/loja\/wp-json\/wp\/v2\/product"}],"about":[{"href":"https:\/\/www.flacunhasemijoias.com.br\/loja\/wp-json\/wp\/v2\/types\/product"}],"wp:featuredmedia":[{"embeddable":true,"href":"https:\/\/www.flacunhasemijoias.com.br\/loja\/wp-json\/wp\/v2\/media\/2271"}],"wp:attachment":[{"href":"https:\/\/www.flacunhasemijoias.com.br\/loja\/wp-json\/wp\/v2\/media?parent=2269"}],"wp:term":[{"taxonomy":"product_brand","embeddable":true,"href":"https:\/\/www.flacunhasemijoias.com.br\/loja\/wp-json\/wp\/v2\/product_brand?post=2269"},{"taxonomy":"product_cat","embeddable":true,"href":"https:\/\/www.flacunhasemijoias.com.br\/loja\/wp-json\/wp\/v2\/product_cat?post=2269"},{"taxonomy":"product_tag","embeddable":true,"href":"https:\/\/www.flacunhasemijoias.com.br\/loja\/wp-json\/wp\/v2\/product_tag?post=2269"}],"curies":[{"name":"wp","href":"https:\/\/api.w.org\/{rel}","templated":true}]}}