{"id":2279,"date":"2025-03-13T17:36:20","date_gmt":"2025-03-13T20:36:20","guid":{"rendered":"https:\/\/www.flacunhasemijoias.com.br\/loja\/?post_type=product&#038;p=2279"},"modified":"2025-11-08T14:26:39","modified_gmt":"2025-11-08T17:26:39","slug":"brinco-mini-redondo-cravejado-com-zirconias-prata-925","status":"publish","type":"product","link":"https:\/\/www.flacunhasemijoias.com.br\/loja\/produto\/brinco-mini-redondo-cravejado-com-zirconias-prata-925\/","title":{"rendered":"Brinco Mini Bot\u00e3o Cravejado com Zirc\u00f4nias de Prata 925"},"content":{"rendered":"<p>Brinco mini bot\u00e3o cravejado com zirc\u00f4nias de prata 925.<\/p>\n","protected":false},"excerpt":{"rendered":"<p>Brinco mini bot\u00e3o cravejado com zirc\u00f4nias de prata 925.<\/p>\n","protected":false},"featured_media":2280,"template":"","meta":[],"product_brand":[],"product_cat":[45],"product_tag":[66,72,141,168,54],"class_list":{"0":"post-2279","1":"product","2":"type-product","3":"status-publish","4":"has-post-thumbnail","6":"product_cat-brincos","7":"product_tag-brinco","8":"product_tag-cravejado","9":"product_tag-prata-925","10":"product_tag-redondo","11":"product_tag-zirconia","13":"first","14":"instock","15":"shipping-taxable","16":"purchasable","17":"product-type-simple"},"aioseo_notices":[],"_links":{"self":[{"href":"https:\/\/www.flacunhasemijoias.com.br\/loja\/wp-json\/wp\/v2\/product\/2279","targetHints":{"allow":["GET"]}}],"collection":[{"href":"https:\/\/www.flacunhasemijoias.com.br\/loja\/wp-json\/wp\/v2\/product"}],"about":[{"href":"https:\/\/www.flacunhasemijoias.com.br\/loja\/wp-json\/wp\/v2\/types\/product"}],"wp:featuredmedia":[{"embeddable":true,"href":"https:\/\/www.flacunhasemijoias.com.br\/loja\/wp-json\/wp\/v2\/media\/2280"}],"wp:attachment":[{"href":"https:\/\/www.flacunhasemijoias.com.br\/loja\/wp-json\/wp\/v2\/media?parent=2279"}],"wp:term":[{"taxonomy":"product_brand","embeddable":true,"href":"https:\/\/www.flacunhasemijoias.com.br\/loja\/wp-json\/wp\/v2\/product_brand?post=2279"},{"taxonomy":"product_cat","embeddable":true,"href":"https:\/\/www.flacunhasemijoias.com.br\/loja\/wp-json\/wp\/v2\/product_cat?post=2279"},{"taxonomy":"product_tag","embeddable":true,"href":"https:\/\/www.flacunhasemijoias.com.br\/loja\/wp-json\/wp\/v2\/product_tag?post=2279"}],"curies":[{"name":"wp","href":"https:\/\/api.w.org\/{rel}","templated":true}]}}