{"id":2285,"date":"2025-03-13T17:46:04","date_gmt":"2025-03-13T20:46:04","guid":{"rendered":"https:\/\/www.flacunhasemijoias.com.br\/loja\/?post_type=product&#038;p=2285"},"modified":"2025-11-06T15:15:21","modified_gmt":"2025-11-06T18:15:21","slug":"brinco-mao-de-fatima-prata-925","status":"publish","type":"product","link":"https:\/\/www.flacunhasemijoias.com.br\/loja\/produto\/brinco-mao-de-fatima-prata-925\/","title":{"rendered":"Brinco M\u00e3o de F\u00e1tima Cravejado de Zirc\u00f4nias de Prata 925"},"content":{"rendered":"<p>Brinco m\u00e3o de F\u00e1tima cravejada de zirc\u00f4nias de prata 925.<\/p>\n","protected":false},"excerpt":{"rendered":"<p>Brinco m\u00e3o de F\u00e1tima cravejada de zirc\u00f4nias de prata 925.<\/p>\n","protected":false},"featured_media":2286,"template":"","meta":[],"product_brand":[],"product_cat":[45],"product_tag":[66,72,169,141,54],"class_list":{"0":"post-2285","1":"product","2":"type-product","3":"status-publish","4":"has-post-thumbnail","6":"product_cat-brincos","7":"product_tag-brinco","8":"product_tag-cravejado","9":"product_tag-mao-de-fatima","10":"product_tag-prata-925","11":"product_tag-zirconia","13":"first","14":"instock","15":"shipping-taxable","16":"purchasable","17":"product-type-simple"},"aioseo_notices":[],"_links":{"self":[{"href":"https:\/\/www.flacunhasemijoias.com.br\/loja\/wp-json\/wp\/v2\/product\/2285","targetHints":{"allow":["GET"]}}],"collection":[{"href":"https:\/\/www.flacunhasemijoias.com.br\/loja\/wp-json\/wp\/v2\/product"}],"about":[{"href":"https:\/\/www.flacunhasemijoias.com.br\/loja\/wp-json\/wp\/v2\/types\/product"}],"wp:featuredmedia":[{"embeddable":true,"href":"https:\/\/www.flacunhasemijoias.com.br\/loja\/wp-json\/wp\/v2\/media\/2286"}],"wp:attachment":[{"href":"https:\/\/www.flacunhasemijoias.com.br\/loja\/wp-json\/wp\/v2\/media?parent=2285"}],"wp:term":[{"taxonomy":"product_brand","embeddable":true,"href":"https:\/\/www.flacunhasemijoias.com.br\/loja\/wp-json\/wp\/v2\/product_brand?post=2285"},{"taxonomy":"product_cat","embeddable":true,"href":"https:\/\/www.flacunhasemijoias.com.br\/loja\/wp-json\/wp\/v2\/product_cat?post=2285"},{"taxonomy":"product_tag","embeddable":true,"href":"https:\/\/www.flacunhasemijoias.com.br\/loja\/wp-json\/wp\/v2\/product_tag?post=2285"}],"curies":[{"name":"wp","href":"https:\/\/api.w.org\/{rel}","templated":true}]}}