{"id":2315,"date":"2025-03-14T12:08:01","date_gmt":"2025-03-14T15:08:01","guid":{"rendered":"https:\/\/www.flacunhasemijoias.com.br\/loja\/?post_type=product&#038;p=2315"},"modified":"2025-12-22T12:12:36","modified_gmt":"2025-12-22T15:12:36","slug":"brinco-gota-pedra-topazio-fume-folheado","status":"publish","type":"product","link":"https:\/\/www.flacunhasemijoias.com.br\/loja\/produto\/brinco-gota-pedra-topazio-fume-folheado\/","title":{"rendered":"Brinco Gota de Top\u00e1zio Fume com Zirc\u00f4nias Banhado a Ouro 18k"},"content":{"rendered":"<p>Brinco gota de top\u00e1zio fum\u00ea com zirc\u00f4nias, banhado a ouro 18k.<\/p>\n","protected":false},"excerpt":{"rendered":"<p>Brinco gota de top\u00e1zio fum\u00ea com zirc\u00f4nias, banhado a ouro 18k.<\/p>\n","protected":false},"featured_media":2316,"template":"","meta":[],"product_brand":[],"product_cat":[45],"product_tag":[66,62,139,102,54],"class_list":{"0":"post-2315","1":"product","2":"type-product","3":"status-publish","4":"has-post-thumbnail","6":"product_cat-brincos","7":"product_tag-brinco","8":"product_tag-folheado","9":"product_tag-gota","10":"product_tag-topazio","11":"product_tag-zirconia","13":"first","14":"instock","15":"shipping-taxable","16":"purchasable","17":"product-type-simple"},"aioseo_notices":[],"_links":{"self":[{"href":"https:\/\/www.flacunhasemijoias.com.br\/loja\/wp-json\/wp\/v2\/product\/2315","targetHints":{"allow":["GET"]}}],"collection":[{"href":"https:\/\/www.flacunhasemijoias.com.br\/loja\/wp-json\/wp\/v2\/product"}],"about":[{"href":"https:\/\/www.flacunhasemijoias.com.br\/loja\/wp-json\/wp\/v2\/types\/product"}],"wp:featuredmedia":[{"embeddable":true,"href":"https:\/\/www.flacunhasemijoias.com.br\/loja\/wp-json\/wp\/v2\/media\/2316"}],"wp:attachment":[{"href":"https:\/\/www.flacunhasemijoias.com.br\/loja\/wp-json\/wp\/v2\/media?parent=2315"}],"wp:term":[{"taxonomy":"product_brand","embeddable":true,"href":"https:\/\/www.flacunhasemijoias.com.br\/loja\/wp-json\/wp\/v2\/product_brand?post=2315"},{"taxonomy":"product_cat","embeddable":true,"href":"https:\/\/www.flacunhasemijoias.com.br\/loja\/wp-json\/wp\/v2\/product_cat?post=2315"},{"taxonomy":"product_tag","embeddable":true,"href":"https:\/\/www.flacunhasemijoias.com.br\/loja\/wp-json\/wp\/v2\/product_tag?post=2315"}],"curies":[{"name":"wp","href":"https:\/\/api.w.org\/{rel}","templated":true}]}}