{"id":2350,"date":"2025-03-14T16:52:34","date_gmt":"2025-03-14T19:52:34","guid":{"rendered":"https:\/\/www.flacunhasemijoias.com.br\/loja\/?post_type=product&#038;p=2350"},"modified":"2025-05-20T15:48:23","modified_gmt":"2025-05-20T18:48:23","slug":"brinco-flor-5-petalas-folheado","status":"publish","type":"product","link":"https:\/\/www.flacunhasemijoias.com.br\/loja\/produto\/brinco-flor-5-petalas-folheado\/","title":{"rendered":"Brinco Flor 5 P\u00e9talas Banhado a Ouro 18k"},"content":{"rendered":"<p>Brinco Flor 5 p\u00e9talas cravejado com zirc\u00f4nias, banhado a ouro 18k.<\/p>\n","protected":false},"excerpt":{"rendered":"<p>Brinco Flor 5 p\u00e9talas cravejado com zirc\u00f4nias, banhado a ouro 18k.<\/p>\n","protected":false},"featured_media":2351,"template":"","meta":[],"product_brand":[],"product_cat":[45],"product_tag":[166,66,72,62,54],"class_list":{"0":"post-2350","1":"product","2":"type-product","3":"status-publish","4":"has-post-thumbnail","6":"product_cat-brincos","7":"product_tag-5-petalas","8":"product_tag-brinco","9":"product_tag-cravejado","10":"product_tag-folheado","11":"product_tag-zirconia","13":"first","14":"instock","15":"shipping-taxable","16":"purchasable","17":"product-type-simple"},"aioseo_notices":[],"_links":{"self":[{"href":"https:\/\/www.flacunhasemijoias.com.br\/loja\/wp-json\/wp\/v2\/product\/2350","targetHints":{"allow":["GET"]}}],"collection":[{"href":"https:\/\/www.flacunhasemijoias.com.br\/loja\/wp-json\/wp\/v2\/product"}],"about":[{"href":"https:\/\/www.flacunhasemijoias.com.br\/loja\/wp-json\/wp\/v2\/types\/product"}],"wp:featuredmedia":[{"embeddable":true,"href":"https:\/\/www.flacunhasemijoias.com.br\/loja\/wp-json\/wp\/v2\/media\/2351"}],"wp:attachment":[{"href":"https:\/\/www.flacunhasemijoias.com.br\/loja\/wp-json\/wp\/v2\/media?parent=2350"}],"wp:term":[{"taxonomy":"product_brand","embeddable":true,"href":"https:\/\/www.flacunhasemijoias.com.br\/loja\/wp-json\/wp\/v2\/product_brand?post=2350"},{"taxonomy":"product_cat","embeddable":true,"href":"https:\/\/www.flacunhasemijoias.com.br\/loja\/wp-json\/wp\/v2\/product_cat?post=2350"},{"taxonomy":"product_tag","embeddable":true,"href":"https:\/\/www.flacunhasemijoias.com.br\/loja\/wp-json\/wp\/v2\/product_tag?post=2350"}],"curies":[{"name":"wp","href":"https:\/\/api.w.org\/{rel}","templated":true}]}}