{"id":2384,"date":"2025-03-15T10:56:54","date_gmt":"2025-03-15T13:56:54","guid":{"rendered":"https:\/\/www.flacunhasemijoias.com.br\/loja\/?post_type=product&#038;p=2384"},"modified":"2025-12-02T11:34:47","modified_gmt":"2025-12-02T14:34:47","slug":"brinco-laco-cravejado-com-zirconias-rodio-branco","status":"publish","type":"product","link":"https:\/\/www.flacunhasemijoias.com.br\/loja\/produto\/brinco-laco-cravejado-com-zirconias-rodio-branco\/","title":{"rendered":"Brinco La\u00e7o R\u00f3dio Branco"},"content":{"rendered":"<p>Brinco la\u00e7o cravejado de zirc\u00f4nias em r\u00f3dio branco.<\/p>\n","protected":false},"excerpt":{"rendered":"<p>Brinco la\u00e7o cravejado de zirc\u00f4nias em r\u00f3dio branco.<\/p>\n","protected":false},"featured_media":2385,"template":"","meta":[],"product_brand":[],"product_cat":[45],"product_tag":[66,72,160,54],"class_list":{"0":"post-2384","1":"product","2":"type-product","3":"status-publish","4":"has-post-thumbnail","6":"product_cat-brincos","7":"product_tag-brinco","8":"product_tag-cravejado","9":"product_tag-rodio-branco","10":"product_tag-zirconia","12":"first","13":"instock","14":"shipping-taxable","15":"purchasable","16":"product-type-simple"},"aioseo_notices":[],"_links":{"self":[{"href":"https:\/\/www.flacunhasemijoias.com.br\/loja\/wp-json\/wp\/v2\/product\/2384","targetHints":{"allow":["GET"]}}],"collection":[{"href":"https:\/\/www.flacunhasemijoias.com.br\/loja\/wp-json\/wp\/v2\/product"}],"about":[{"href":"https:\/\/www.flacunhasemijoias.com.br\/loja\/wp-json\/wp\/v2\/types\/product"}],"wp:featuredmedia":[{"embeddable":true,"href":"https:\/\/www.flacunhasemijoias.com.br\/loja\/wp-json\/wp\/v2\/media\/2385"}],"wp:attachment":[{"href":"https:\/\/www.flacunhasemijoias.com.br\/loja\/wp-json\/wp\/v2\/media?parent=2384"}],"wp:term":[{"taxonomy":"product_brand","embeddable":true,"href":"https:\/\/www.flacunhasemijoias.com.br\/loja\/wp-json\/wp\/v2\/product_brand?post=2384"},{"taxonomy":"product_cat","embeddable":true,"href":"https:\/\/www.flacunhasemijoias.com.br\/loja\/wp-json\/wp\/v2\/product_cat?post=2384"},{"taxonomy":"product_tag","embeddable":true,"href":"https:\/\/www.flacunhasemijoias.com.br\/loja\/wp-json\/wp\/v2\/product_tag?post=2384"}],"curies":[{"name":"wp","href":"https:\/\/api.w.org\/{rel}","templated":true}]}}