{"id":2442,"date":"2025-03-18T15:29:31","date_gmt":"2025-03-18T18:29:31","guid":{"rendered":"https:\/\/www.flacunhasemijoias.com.br\/loja\/?post_type=product&#038;p=2442"},"modified":"2025-11-08T14:37:24","modified_gmt":"2025-11-08T17:37:24","slug":"brinco-redondo-perola-cravejado-com-zirconias-prata-925","status":"publish","type":"product","link":"https:\/\/www.flacunhasemijoias.com.br\/loja\/produto\/brinco-redondo-perola-cravejado-com-zirconias-prata-925\/","title":{"rendered":"Brinco P\u00e9rola Cravejado com Zirc\u00f4nias de Prata 925"},"content":{"rendered":"<p>Brinco de p\u00e9rola cravejado com zirc\u00f4nias de prata 925.<\/p>\n","protected":false},"excerpt":{"rendered":"<p>Brinco de p\u00e9rola cravejado com zirc\u00f4nias de prata 925.<\/p>\n","protected":false},"featured_media":2443,"template":"","meta":[],"product_brand":[],"product_cat":[45],"product_tag":[66,72,58,141,54],"class_list":{"0":"post-2442","1":"product","2":"type-product","3":"status-publish","4":"has-post-thumbnail","6":"product_cat-brincos","7":"product_tag-brinco","8":"product_tag-cravejado","9":"product_tag-perola","10":"product_tag-prata-925","11":"product_tag-zirconia","13":"first","14":"instock","15":"shipping-taxable","16":"purchasable","17":"product-type-simple"},"aioseo_notices":[],"_links":{"self":[{"href":"https:\/\/www.flacunhasemijoias.com.br\/loja\/wp-json\/wp\/v2\/product\/2442","targetHints":{"allow":["GET"]}}],"collection":[{"href":"https:\/\/www.flacunhasemijoias.com.br\/loja\/wp-json\/wp\/v2\/product"}],"about":[{"href":"https:\/\/www.flacunhasemijoias.com.br\/loja\/wp-json\/wp\/v2\/types\/product"}],"wp:featuredmedia":[{"embeddable":true,"href":"https:\/\/www.flacunhasemijoias.com.br\/loja\/wp-json\/wp\/v2\/media\/2443"}],"wp:attachment":[{"href":"https:\/\/www.flacunhasemijoias.com.br\/loja\/wp-json\/wp\/v2\/media?parent=2442"}],"wp:term":[{"taxonomy":"product_brand","embeddable":true,"href":"https:\/\/www.flacunhasemijoias.com.br\/loja\/wp-json\/wp\/v2\/product_brand?post=2442"},{"taxonomy":"product_cat","embeddable":true,"href":"https:\/\/www.flacunhasemijoias.com.br\/loja\/wp-json\/wp\/v2\/product_cat?post=2442"},{"taxonomy":"product_tag","embeddable":true,"href":"https:\/\/www.flacunhasemijoias.com.br\/loja\/wp-json\/wp\/v2\/product_tag?post=2442"}],"curies":[{"name":"wp","href":"https:\/\/api.w.org\/{rel}","templated":true}]}}