{"id":2451,"date":"2025-03-18T15:51:11","date_gmt":"2025-03-18T18:51:11","guid":{"rendered":"https:\/\/www.flacunhasemijoias.com.br\/loja\/?post_type=product&#038;p=2451"},"modified":"2026-02-10T15:54:31","modified_gmt":"2026-02-10T18:54:31","slug":"brinco-pedra-morganita-cravejado-de-zirconias-rodio-negro","status":"publish","type":"product","link":"https:\/\/www.flacunhasemijoias.com.br\/loja\/produto\/brinco-pedra-morganita-cravejado-de-zirconias-rodio-negro\/","title":{"rendered":"Brinco de Morganita Cravejado de Zirc\u00f4nias de R\u00f3dio Negro"},"content":{"rendered":"<p>Brinco de morganita cravejado com zirc\u00f4nias de r\u00f3dio negro.<\/p>\n","protected":false},"excerpt":{"rendered":"<p>Brinco de morganita cravejado com zirc\u00f4nias de r\u00f3dio negro.<\/p>\n","protected":false},"featured_media":2452,"template":"","meta":[],"product_brand":[],"product_cat":[45],"product_tag":[66,72,57,53,54],"class_list":{"0":"post-2451","1":"product","2":"type-product","3":"status-publish","4":"has-post-thumbnail","6":"product_cat-brincos","7":"product_tag-brinco","8":"product_tag-cravejado","9":"product_tag-morganita","10":"product_tag-rodio-negro","11":"product_tag-zirconia","13":"first","14":"outofstock","15":"shipping-taxable","16":"purchasable","17":"product-type-simple"},"aioseo_notices":[],"_links":{"self":[{"href":"https:\/\/www.flacunhasemijoias.com.br\/loja\/wp-json\/wp\/v2\/product\/2451","targetHints":{"allow":["GET"]}}],"collection":[{"href":"https:\/\/www.flacunhasemijoias.com.br\/loja\/wp-json\/wp\/v2\/product"}],"about":[{"href":"https:\/\/www.flacunhasemijoias.com.br\/loja\/wp-json\/wp\/v2\/types\/product"}],"wp:featuredmedia":[{"embeddable":true,"href":"https:\/\/www.flacunhasemijoias.com.br\/loja\/wp-json\/wp\/v2\/media\/2452"}],"wp:attachment":[{"href":"https:\/\/www.flacunhasemijoias.com.br\/loja\/wp-json\/wp\/v2\/media?parent=2451"}],"wp:term":[{"taxonomy":"product_brand","embeddable":true,"href":"https:\/\/www.flacunhasemijoias.com.br\/loja\/wp-json\/wp\/v2\/product_brand?post=2451"},{"taxonomy":"product_cat","embeddable":true,"href":"https:\/\/www.flacunhasemijoias.com.br\/loja\/wp-json\/wp\/v2\/product_cat?post=2451"},{"taxonomy":"product_tag","embeddable":true,"href":"https:\/\/www.flacunhasemijoias.com.br\/loja\/wp-json\/wp\/v2\/product_tag?post=2451"}],"curies":[{"name":"wp","href":"https:\/\/api.w.org\/{rel}","templated":true}]}}