{"id":2488,"date":"2025-03-19T10:55:38","date_gmt":"2025-03-19T13:55:38","guid":{"rendered":"https:\/\/www.flacunhasemijoias.com.br\/loja\/?post_type=product&#038;p=2488"},"modified":"2025-05-20T14:49:19","modified_gmt":"2025-05-20T17:49:19","slug":"brinco-quadrado-com-pedra-zamac","status":"publish","type":"product","link":"https:\/\/www.flacunhasemijoias.com.br\/loja\/produto\/brinco-quadrado-com-pedra-zamac\/","title":{"rendered":"Brinco Quadrado de Cristal de Quartzo de Zamac"},"content":{"rendered":"<p>Brinco quadrado de cristal de quartzo de zamac.<\/p>\n<p>Zamac \u00e9 uma liga composta de zinco, alum\u00ednio, magn\u00e9sio e cobre com banho de prata 925.<\/p>\n","protected":false},"excerpt":{"rendered":"<p>Brinco quadrado de cristal de quartzo de zamac. Zamac \u00e9 uma liga composta de zinco, alum\u00ednio, magn\u00e9sio e cobre com banho de prata 925.<\/p>\n","protected":false},"featured_media":2489,"template":"","meta":[],"product_brand":[],"product_cat":[45],"product_tag":[66,142],"class_list":{"0":"post-2488","1":"product","2":"type-product","3":"status-publish","4":"has-post-thumbnail","6":"product_cat-brincos","7":"product_tag-brinco","8":"product_tag-zamac","10":"first","11":"instock","12":"shipping-taxable","13":"purchasable","14":"product-type-simple"},"aioseo_notices":[],"_links":{"self":[{"href":"https:\/\/www.flacunhasemijoias.com.br\/loja\/wp-json\/wp\/v2\/product\/2488","targetHints":{"allow":["GET"]}}],"collection":[{"href":"https:\/\/www.flacunhasemijoias.com.br\/loja\/wp-json\/wp\/v2\/product"}],"about":[{"href":"https:\/\/www.flacunhasemijoias.com.br\/loja\/wp-json\/wp\/v2\/types\/product"}],"wp:featuredmedia":[{"embeddable":true,"href":"https:\/\/www.flacunhasemijoias.com.br\/loja\/wp-json\/wp\/v2\/media\/2489"}],"wp:attachment":[{"href":"https:\/\/www.flacunhasemijoias.com.br\/loja\/wp-json\/wp\/v2\/media?parent=2488"}],"wp:term":[{"taxonomy":"product_brand","embeddable":true,"href":"https:\/\/www.flacunhasemijoias.com.br\/loja\/wp-json\/wp\/v2\/product_brand?post=2488"},{"taxonomy":"product_cat","embeddable":true,"href":"https:\/\/www.flacunhasemijoias.com.br\/loja\/wp-json\/wp\/v2\/product_cat?post=2488"},{"taxonomy":"product_tag","embeddable":true,"href":"https:\/\/www.flacunhasemijoias.com.br\/loja\/wp-json\/wp\/v2\/product_tag?post=2488"}],"curies":[{"name":"wp","href":"https:\/\/api.w.org\/{rel}","templated":true}]}}