{"id":2490,"date":"2025-03-19T10:57:50","date_gmt":"2025-03-19T13:57:50","guid":{"rendered":"https:\/\/www.flacunhasemijoias.com.br\/loja\/?post_type=product&#038;p=2490"},"modified":"2025-10-08T12:02:01","modified_gmt":"2025-10-08T15:02:01","slug":"brinco-retangular-zamac","status":"publish","type":"product","link":"https:\/\/www.flacunhasemijoias.com.br\/loja\/produto\/brinco-retangular-zamac\/","title":{"rendered":"Brinco Cristal de Quartzo de Zamac"},"content":{"rendered":"<p>Brinco cristal de quartzo retangular de Zamac.<\/p>\n<p>Zamac \u00e9 uma liga de metal composta por zinco, alum\u00ednio, magn\u00e9sio e cobre com banho de prata 950.<\/p>\n","protected":false},"excerpt":{"rendered":"<p>Brinco cristal de quartzo retangular de Zamac. Zamac \u00e9 uma liga de metal composta por zinco, alum\u00ednio, magn\u00e9sio e cobre com banho de prata 950.<\/p>\n","protected":false},"featured_media":2491,"template":"","meta":[],"product_brand":[],"product_cat":[45],"product_tag":[66,181,142],"class_list":{"0":"post-2490","1":"product","2":"type-product","3":"status-publish","4":"has-post-thumbnail","6":"product_cat-brincos","7":"product_tag-brinco","8":"product_tag-pedra","9":"product_tag-zamac","11":"first","12":"outofstock","13":"shipping-taxable","14":"purchasable","15":"product-type-simple"},"aioseo_notices":[],"_links":{"self":[{"href":"https:\/\/www.flacunhasemijoias.com.br\/loja\/wp-json\/wp\/v2\/product\/2490","targetHints":{"allow":["GET"]}}],"collection":[{"href":"https:\/\/www.flacunhasemijoias.com.br\/loja\/wp-json\/wp\/v2\/product"}],"about":[{"href":"https:\/\/www.flacunhasemijoias.com.br\/loja\/wp-json\/wp\/v2\/types\/product"}],"wp:featuredmedia":[{"embeddable":true,"href":"https:\/\/www.flacunhasemijoias.com.br\/loja\/wp-json\/wp\/v2\/media\/2491"}],"wp:attachment":[{"href":"https:\/\/www.flacunhasemijoias.com.br\/loja\/wp-json\/wp\/v2\/media?parent=2490"}],"wp:term":[{"taxonomy":"product_brand","embeddable":true,"href":"https:\/\/www.flacunhasemijoias.com.br\/loja\/wp-json\/wp\/v2\/product_brand?post=2490"},{"taxonomy":"product_cat","embeddable":true,"href":"https:\/\/www.flacunhasemijoias.com.br\/loja\/wp-json\/wp\/v2\/product_cat?post=2490"},{"taxonomy":"product_tag","embeddable":true,"href":"https:\/\/www.flacunhasemijoias.com.br\/loja\/wp-json\/wp\/v2\/product_tag?post=2490"}],"curies":[{"name":"wp","href":"https:\/\/api.w.org\/{rel}","templated":true}]}}