{"id":2494,"date":"2025-03-19T11:34:57","date_gmt":"2025-03-19T14:34:57","guid":{"rendered":"https:\/\/www.flacunhasemijoias.com.br\/loja\/?post_type=product&#038;p=2494"},"modified":"2025-06-10T15:23:59","modified_gmt":"2025-06-10T18:23:59","slug":"brinco-flor-grande-com-zironias-negras-rodio-negro","status":"publish","type":"product","link":"https:\/\/www.flacunhasemijoias.com.br\/loja\/produto\/brinco-flor-grande-com-zironias-negras-rodio-negro\/","title":{"rendered":"Brinco Flor G com Zirc\u00f4nias Negras de R\u00f3dio Negro"},"content":{"rendered":"<p>Brinco flor G com zirc\u00f4nias negras em r\u00f3dio negro.<\/p>\n","protected":false},"excerpt":{"rendered":"<p>Brinco flor G com zirc\u00f4nias negras em r\u00f3dio negro.<\/p>\n","protected":false},"featured_media":2496,"template":"","meta":[],"product_brand":[],"product_cat":[45],"product_tag":[66,117,53,78],"class_list":{"0":"post-2494","1":"product","2":"type-product","3":"status-publish","4":"has-post-thumbnail","6":"product_cat-brincos","7":"product_tag-brinco","8":"product_tag-flor","9":"product_tag-rodio-negro","10":"product_tag-zirconia-negra","12":"first","13":"outofstock","14":"shipping-taxable","15":"purchasable","16":"product-type-simple"},"aioseo_notices":[],"_links":{"self":[{"href":"https:\/\/www.flacunhasemijoias.com.br\/loja\/wp-json\/wp\/v2\/product\/2494","targetHints":{"allow":["GET"]}}],"collection":[{"href":"https:\/\/www.flacunhasemijoias.com.br\/loja\/wp-json\/wp\/v2\/product"}],"about":[{"href":"https:\/\/www.flacunhasemijoias.com.br\/loja\/wp-json\/wp\/v2\/types\/product"}],"wp:featuredmedia":[{"embeddable":true,"href":"https:\/\/www.flacunhasemijoias.com.br\/loja\/wp-json\/wp\/v2\/media\/2496"}],"wp:attachment":[{"href":"https:\/\/www.flacunhasemijoias.com.br\/loja\/wp-json\/wp\/v2\/media?parent=2494"}],"wp:term":[{"taxonomy":"product_brand","embeddable":true,"href":"https:\/\/www.flacunhasemijoias.com.br\/loja\/wp-json\/wp\/v2\/product_brand?post=2494"},{"taxonomy":"product_cat","embeddable":true,"href":"https:\/\/www.flacunhasemijoias.com.br\/loja\/wp-json\/wp\/v2\/product_cat?post=2494"},{"taxonomy":"product_tag","embeddable":true,"href":"https:\/\/www.flacunhasemijoias.com.br\/loja\/wp-json\/wp\/v2\/product_tag?post=2494"}],"curies":[{"name":"wp","href":"https:\/\/api.w.org\/{rel}","templated":true}]}}