{"id":2497,"date":"2025-03-19T11:40:42","date_gmt":"2025-03-19T14:40:42","guid":{"rendered":"https:\/\/www.flacunhasemijoias.com.br\/loja\/?post_type=product&#038;p=2497"},"modified":"2025-07-16T15:11:45","modified_gmt":"2025-07-16T18:11:45","slug":"brinco-flor-dupla-com-zirconia-negra-rodio-negro","status":"publish","type":"product","link":"https:\/\/www.flacunhasemijoias.com.br\/loja\/produto\/brinco-flor-dupla-com-zirconia-negra-rodio-negro\/","title":{"rendered":"Brinco Flor Dupla com Zirc\u00f4nias Negras de R\u00f3dio Negro"},"content":{"rendered":"<p>Brinco flor dupla com zirc\u00f4nias negras em r\u00f3dio negro.<\/p>\n","protected":false},"excerpt":{"rendered":"<p>Brinco flor dupla com zirc\u00f4nias negras em r\u00f3dio negro.<\/p>\n","protected":false},"featured_media":2498,"template":"","meta":[],"product_brand":[],"product_cat":[45],"product_tag":[182,66,72,53,78],"class_list":{"0":"post-2497","1":"product","2":"type-product","3":"status-publish","4":"has-post-thumbnail","6":"product_cat-brincos","7":"product_tag-2-flores","8":"product_tag-brinco","9":"product_tag-cravejado","10":"product_tag-rodio-negro","11":"product_tag-zirconia-negra","13":"first","14":"outofstock","15":"shipping-taxable","16":"purchasable","17":"product-type-simple"},"aioseo_notices":[],"_links":{"self":[{"href":"https:\/\/www.flacunhasemijoias.com.br\/loja\/wp-json\/wp\/v2\/product\/2497","targetHints":{"allow":["GET"]}}],"collection":[{"href":"https:\/\/www.flacunhasemijoias.com.br\/loja\/wp-json\/wp\/v2\/product"}],"about":[{"href":"https:\/\/www.flacunhasemijoias.com.br\/loja\/wp-json\/wp\/v2\/types\/product"}],"wp:featuredmedia":[{"embeddable":true,"href":"https:\/\/www.flacunhasemijoias.com.br\/loja\/wp-json\/wp\/v2\/media\/2498"}],"wp:attachment":[{"href":"https:\/\/www.flacunhasemijoias.com.br\/loja\/wp-json\/wp\/v2\/media?parent=2497"}],"wp:term":[{"taxonomy":"product_brand","embeddable":true,"href":"https:\/\/www.flacunhasemijoias.com.br\/loja\/wp-json\/wp\/v2\/product_brand?post=2497"},{"taxonomy":"product_cat","embeddable":true,"href":"https:\/\/www.flacunhasemijoias.com.br\/loja\/wp-json\/wp\/v2\/product_cat?post=2497"},{"taxonomy":"product_tag","embeddable":true,"href":"https:\/\/www.flacunhasemijoias.com.br\/loja\/wp-json\/wp\/v2\/product_tag?post=2497"}],"curies":[{"name":"wp","href":"https:\/\/api.w.org\/{rel}","templated":true}]}}