{"id":2582,"date":"2025-03-19T17:28:47","date_gmt":"2025-03-19T20:28:47","guid":{"rendered":"https:\/\/www.flacunhasemijoias.com.br\/loja\/?post_type=product&#038;p=2582"},"modified":"2025-07-31T12:11:27","modified_gmt":"2025-07-31T15:11:27","slug":"bracelete-cravejado-com-zirconia-rodio-branco","status":"publish","type":"product","link":"https:\/\/www.flacunhasemijoias.com.br\/loja\/produto\/bracelete-cravejado-com-zirconia-rodio-branco\/","title":{"rendered":"Bracelete Cravejado com Zirc\u00f4nias em R\u00f3dio Branco"},"content":{"rendered":"<p>Bracelete cravejado com zirc\u00f4nias em r\u00f3dio branco.<\/p>\n","protected":false},"excerpt":{"rendered":"<p>Bracelete cravejado com zirc\u00f4nias em r\u00f3dio branco.<\/p>\n","protected":false},"featured_media":2583,"template":"","meta":[],"product_brand":[],"product_cat":[47],"product_tag":[185,72,160,54],"class_list":{"0":"post-2582","1":"product","2":"type-product","3":"status-publish","4":"has-post-thumbnail","6":"product_cat-pulseiras","7":"product_tag-bracelete","8":"product_tag-cravejado","9":"product_tag-rodio-branco","10":"product_tag-zirconia","12":"first","13":"instock","14":"shipping-taxable","15":"purchasable","16":"product-type-simple"},"aioseo_notices":[],"_links":{"self":[{"href":"https:\/\/www.flacunhasemijoias.com.br\/loja\/wp-json\/wp\/v2\/product\/2582","targetHints":{"allow":["GET"]}}],"collection":[{"href":"https:\/\/www.flacunhasemijoias.com.br\/loja\/wp-json\/wp\/v2\/product"}],"about":[{"href":"https:\/\/www.flacunhasemijoias.com.br\/loja\/wp-json\/wp\/v2\/types\/product"}],"wp:featuredmedia":[{"embeddable":true,"href":"https:\/\/www.flacunhasemijoias.com.br\/loja\/wp-json\/wp\/v2\/media\/2583"}],"wp:attachment":[{"href":"https:\/\/www.flacunhasemijoias.com.br\/loja\/wp-json\/wp\/v2\/media?parent=2582"}],"wp:term":[{"taxonomy":"product_brand","embeddable":true,"href":"https:\/\/www.flacunhasemijoias.com.br\/loja\/wp-json\/wp\/v2\/product_brand?post=2582"},{"taxonomy":"product_cat","embeddable":true,"href":"https:\/\/www.flacunhasemijoias.com.br\/loja\/wp-json\/wp\/v2\/product_cat?post=2582"},{"taxonomy":"product_tag","embeddable":true,"href":"https:\/\/www.flacunhasemijoias.com.br\/loja\/wp-json\/wp\/v2\/product_tag?post=2582"}],"curies":[{"name":"wp","href":"https:\/\/api.w.org\/{rel}","templated":true}]}}