{"id":2793,"date":"2025-03-22T11:54:42","date_gmt":"2025-03-22T14:54:42","guid":{"rendered":"https:\/\/www.flacunhasemijoias.com.br\/loja\/?post_type=product&#038;p=2793"},"modified":"2025-07-16T16:56:18","modified_gmt":"2025-07-16T19:56:18","slug":"colar-coracoes-prata-925","status":"publish","type":"product","link":"https:\/\/www.flacunhasemijoias.com.br\/loja\/produto\/colar-coracoes-prata-925\/","title":{"rendered":"Colar Cora\u00e7\u00f5es Vazados Prata 925"},"content":{"rendered":"<p>Colar em prata 925, com 5 cora\u00e7\u00f5es vazados, com tr\u00eas zirc\u00f4nias no centro dos cora\u00e7\u00f5es, cravejado de zirc\u00f4nias.<\/p>\n<p>Comprimento de 45cm.<\/p>\n","protected":false},"excerpt":{"rendered":"<p>Colar em prata 925, com 5 cora\u00e7\u00f5es vazados, com tr\u00eas zirc\u00f4nias no centro dos cora\u00e7\u00f5es, cravejado de zirc\u00f4nias. Comprimento de 45cm.<\/p>\n","protected":false},"featured_media":2794,"template":"","meta":[],"product_brand":[],"product_cat":[46],"product_tag":[85,72,141,54],"class_list":{"0":"post-2793","1":"product","2":"type-product","3":"status-publish","4":"has-post-thumbnail","6":"product_cat-colares","7":"product_tag-colar","8":"product_tag-cravejado","9":"product_tag-prata-925","10":"product_tag-zirconia","12":"first","13":"instock","14":"shipping-taxable","15":"purchasable","16":"product-type-simple"},"aioseo_notices":[],"_links":{"self":[{"href":"https:\/\/www.flacunhasemijoias.com.br\/loja\/wp-json\/wp\/v2\/product\/2793","targetHints":{"allow":["GET"]}}],"collection":[{"href":"https:\/\/www.flacunhasemijoias.com.br\/loja\/wp-json\/wp\/v2\/product"}],"about":[{"href":"https:\/\/www.flacunhasemijoias.com.br\/loja\/wp-json\/wp\/v2\/types\/product"}],"wp:featuredmedia":[{"embeddable":true,"href":"https:\/\/www.flacunhasemijoias.com.br\/loja\/wp-json\/wp\/v2\/media\/2794"}],"wp:attachment":[{"href":"https:\/\/www.flacunhasemijoias.com.br\/loja\/wp-json\/wp\/v2\/media?parent=2793"}],"wp:term":[{"taxonomy":"product_brand","embeddable":true,"href":"https:\/\/www.flacunhasemijoias.com.br\/loja\/wp-json\/wp\/v2\/product_brand?post=2793"},{"taxonomy":"product_cat","embeddable":true,"href":"https:\/\/www.flacunhasemijoias.com.br\/loja\/wp-json\/wp\/v2\/product_cat?post=2793"},{"taxonomy":"product_tag","embeddable":true,"href":"https:\/\/www.flacunhasemijoias.com.br\/loja\/wp-json\/wp\/v2\/product_tag?post=2793"}],"curies":[{"name":"wp","href":"https:\/\/api.w.org\/{rel}","templated":true}]}}