{"id":2798,"date":"2025-03-25T10:41:15","date_gmt":"2025-03-25T13:41:15","guid":{"rendered":"https:\/\/www.flacunhasemijoias.com.br\/loja\/?post_type=product&#038;p=2798"},"modified":"2025-07-23T12:28:37","modified_gmt":"2025-07-23T15:28:37","slug":"brinco-coracao-cravejado-com-zirconias-prata-925-2","status":"publish","type":"product","link":"https:\/\/www.flacunhasemijoias.com.br\/loja\/produto\/brinco-coracao-cravejado-com-zirconias-prata-925-2\/","title":{"rendered":"Brinco Cora\u00e7\u00e3o Vazado Prata 925"},"content":{"rendered":"<p>Brinco cora\u00e7\u00e3o vazado, cravejado de zirc\u00f4nias em Prata 925.<\/p>\n","protected":false},"excerpt":{"rendered":"<p>Brinco cora\u00e7\u00e3o vazado, cravejado de zirc\u00f4nias em Prata 925.<\/p>\n","protected":false},"featured_media":2799,"template":"","meta":[],"product_brand":[],"product_cat":[45],"product_tag":[66,113,72,141,54],"class_list":{"0":"post-2798","1":"product","2":"type-product","3":"status-publish","4":"has-post-thumbnail","6":"product_cat-brincos","7":"product_tag-brinco","8":"product_tag-coracao","9":"product_tag-cravejado","10":"product_tag-prata-925","11":"product_tag-zirconia","13":"first","14":"instock","15":"shipping-taxable","16":"purchasable","17":"product-type-simple"},"aioseo_notices":[],"_links":{"self":[{"href":"https:\/\/www.flacunhasemijoias.com.br\/loja\/wp-json\/wp\/v2\/product\/2798","targetHints":{"allow":["GET"]}}],"collection":[{"href":"https:\/\/www.flacunhasemijoias.com.br\/loja\/wp-json\/wp\/v2\/product"}],"about":[{"href":"https:\/\/www.flacunhasemijoias.com.br\/loja\/wp-json\/wp\/v2\/types\/product"}],"wp:featuredmedia":[{"embeddable":true,"href":"https:\/\/www.flacunhasemijoias.com.br\/loja\/wp-json\/wp\/v2\/media\/2799"}],"wp:attachment":[{"href":"https:\/\/www.flacunhasemijoias.com.br\/loja\/wp-json\/wp\/v2\/media?parent=2798"}],"wp:term":[{"taxonomy":"product_brand","embeddable":true,"href":"https:\/\/www.flacunhasemijoias.com.br\/loja\/wp-json\/wp\/v2\/product_brand?post=2798"},{"taxonomy":"product_cat","embeddable":true,"href":"https:\/\/www.flacunhasemijoias.com.br\/loja\/wp-json\/wp\/v2\/product_cat?post=2798"},{"taxonomy":"product_tag","embeddable":true,"href":"https:\/\/www.flacunhasemijoias.com.br\/loja\/wp-json\/wp\/v2\/product_tag?post=2798"}],"curies":[{"name":"wp","href":"https:\/\/api.w.org\/{rel}","templated":true}]}}