{"id":2800,"date":"2025-03-25T10:49:01","date_gmt":"2025-03-25T13:49:01","guid":{"rendered":"https:\/\/www.flacunhasemijoias.com.br\/loja\/?post_type=product&#038;p=2800"},"modified":"2025-11-05T19:51:29","modified_gmt":"2025-11-05T22:51:29","slug":"escapulario-espirito-santo-prata-925","status":"publish","type":"product","link":"https:\/\/www.flacunhasemijoias.com.br\/loja\/produto\/escapulario-espirito-santo-prata-925\/","title":{"rendered":"Escapul\u00e1rio Esp\u00edrito Santo Prata 925"},"content":{"rendered":"<p>Escapul\u00e1rio Esp\u00edrito Santo em prata 925, cravejado com zirc\u00f4nias.<\/p>\n","protected":false},"excerpt":{"rendered":"<p>Escapul\u00e1rio Esp\u00edrito Santo em prata 925, cravejado com zirc\u00f4nias.<\/p>\n","protected":false},"featured_media":2801,"template":"","meta":[],"product_brand":[],"product_cat":[46],"product_tag":[85,72,120,201,141,54],"class_list":{"0":"post-2800","1":"product","2":"type-product","3":"status-publish","4":"has-post-thumbnail","6":"product_cat-colares","7":"product_tag-colar","8":"product_tag-cravejado","9":"product_tag-escapulario","10":"product_tag-espirito-santo","11":"product_tag-prata-925","12":"product_tag-zirconia","14":"first","15":"instock","16":"shipping-taxable","17":"purchasable","18":"product-type-simple"},"aioseo_notices":[],"_links":{"self":[{"href":"https:\/\/www.flacunhasemijoias.com.br\/loja\/wp-json\/wp\/v2\/product\/2800","targetHints":{"allow":["GET"]}}],"collection":[{"href":"https:\/\/www.flacunhasemijoias.com.br\/loja\/wp-json\/wp\/v2\/product"}],"about":[{"href":"https:\/\/www.flacunhasemijoias.com.br\/loja\/wp-json\/wp\/v2\/types\/product"}],"wp:featuredmedia":[{"embeddable":true,"href":"https:\/\/www.flacunhasemijoias.com.br\/loja\/wp-json\/wp\/v2\/media\/2801"}],"wp:attachment":[{"href":"https:\/\/www.flacunhasemijoias.com.br\/loja\/wp-json\/wp\/v2\/media?parent=2800"}],"wp:term":[{"taxonomy":"product_brand","embeddable":true,"href":"https:\/\/www.flacunhasemijoias.com.br\/loja\/wp-json\/wp\/v2\/product_brand?post=2800"},{"taxonomy":"product_cat","embeddable":true,"href":"https:\/\/www.flacunhasemijoias.com.br\/loja\/wp-json\/wp\/v2\/product_cat?post=2800"},{"taxonomy":"product_tag","embeddable":true,"href":"https:\/\/www.flacunhasemijoias.com.br\/loja\/wp-json\/wp\/v2\/product_tag?post=2800"}],"curies":[{"name":"wp","href":"https:\/\/api.w.org\/{rel}","templated":true}]}}