{"id":2863,"date":"2025-03-25T15:28:25","date_gmt":"2025-03-25T18:28:25","guid":{"rendered":"https:\/\/www.flacunhasemijoias.com.br\/loja\/?post_type=product&#038;p=2863"},"modified":"2026-01-17T11:49:22","modified_gmt":"2026-01-17T14:49:22","slug":"colar-3-pedras-zamac","status":"publish","type":"product","link":"https:\/\/www.flacunhasemijoias.com.br\/loja\/produto\/colar-3-pedras-zamac\/","title":{"rendered":"Colar Pedras Zamac"},"content":{"rendered":"<p>Colar com 3 pedras de cristal de quartzo em zamac.<\/p>\n<p>Zamac \u00e9 uma liga met\u00e1lica composta por zinco, magn\u00e9sio, alum\u00ednio e cobre com banho de prata 950.<\/p>\n<p>Nossas pe\u00e7as s\u00e3o antial\u00e9rgicas, livre de n\u00edquel.<\/p>\n","protected":false},"excerpt":{"rendered":"<p>Colar com 3 pedras de cristal de quartzo em zamac. Zamac \u00e9 uma liga met\u00e1lica composta por zinco, magn\u00e9sio, alum\u00ednio e cobre com banho de prata 950. Nossas pe\u00e7as s\u00e3o antial\u00e9rgicas, livre de n\u00edquel.<\/p>\n","protected":false},"featured_media":2865,"template":"","meta":[],"product_brand":[],"product_cat":[46],"product_tag":[85,142,54],"class_list":{"0":"post-2863","1":"product","2":"type-product","3":"status-publish","4":"has-post-thumbnail","6":"product_cat-colares","7":"product_tag-colar","8":"product_tag-zamac","9":"product_tag-zirconia","11":"first","12":"outofstock","13":"shipping-taxable","14":"purchasable","15":"product-type-simple"},"aioseo_notices":[],"_links":{"self":[{"href":"https:\/\/www.flacunhasemijoias.com.br\/loja\/wp-json\/wp\/v2\/product\/2863","targetHints":{"allow":["GET"]}}],"collection":[{"href":"https:\/\/www.flacunhasemijoias.com.br\/loja\/wp-json\/wp\/v2\/product"}],"about":[{"href":"https:\/\/www.flacunhasemijoias.com.br\/loja\/wp-json\/wp\/v2\/types\/product"}],"wp:featuredmedia":[{"embeddable":true,"href":"https:\/\/www.flacunhasemijoias.com.br\/loja\/wp-json\/wp\/v2\/media\/2865"}],"wp:attachment":[{"href":"https:\/\/www.flacunhasemijoias.com.br\/loja\/wp-json\/wp\/v2\/media?parent=2863"}],"wp:term":[{"taxonomy":"product_brand","embeddable":true,"href":"https:\/\/www.flacunhasemijoias.com.br\/loja\/wp-json\/wp\/v2\/product_brand?post=2863"},{"taxonomy":"product_cat","embeddable":true,"href":"https:\/\/www.flacunhasemijoias.com.br\/loja\/wp-json\/wp\/v2\/product_cat?post=2863"},{"taxonomy":"product_tag","embeddable":true,"href":"https:\/\/www.flacunhasemijoias.com.br\/loja\/wp-json\/wp\/v2\/product_tag?post=2863"}],"curies":[{"name":"wp","href":"https:\/\/api.w.org\/{rel}","templated":true}]}}