{"id":2871,"date":"2025-03-25T15:57:29","date_gmt":"2025-03-25T18:57:29","guid":{"rendered":"https:\/\/www.flacunhasemijoias.com.br\/loja\/?post_type=product&#038;p=2871"},"modified":"2025-10-08T12:05:25","modified_gmt":"2025-10-08T15:05:25","slug":"colar-5-pedras-zamac","status":"publish","type":"product","link":"https:\/\/www.flacunhasemijoias.com.br\/loja\/produto\/colar-5-pedras-zamac\/","title":{"rendered":"Colar Cristal de Quartzo de Zamac"},"content":{"rendered":"<p>Esse belo colar \u00e9 feito de zamac, que \u00e9 uma liga met\u00e1lica composta por zinco, alum\u00ednio, magn\u00e9sio e cobre, com banho de prata 950.<\/p>\n<p>As pedras s\u00e3o cristais de quartzo.<\/p>\n<p>Todas as nossas pe\u00e7as s\u00e3o antial\u00e9rgicas, livres de n\u00edquel.<\/p>\n<p>&nbsp;<\/p>\n","protected":false},"excerpt":{"rendered":"<p>Esse belo colar \u00e9 feito de zamac, que \u00e9 uma liga met\u00e1lica composta por zinco, alum\u00ednio, magn\u00e9sio e cobre, com banho de prata 950. As pedras s\u00e3o cristais de quartzo. Todas as nossas pe\u00e7as s\u00e3o antial\u00e9rgicas, livres de n\u00edquel. &nbsp;<\/p>\n","protected":false},"featured_media":2876,"template":"","meta":[],"product_brand":[],"product_cat":[46],"product_tag":[85,142],"class_list":{"0":"post-2871","1":"product","2":"type-product","3":"status-publish","4":"has-post-thumbnail","6":"product_cat-colares","7":"product_tag-colar","8":"product_tag-zamac","10":"first","11":"outofstock","12":"shipping-taxable","13":"purchasable","14":"product-type-simple"},"aioseo_notices":[],"_links":{"self":[{"href":"https:\/\/www.flacunhasemijoias.com.br\/loja\/wp-json\/wp\/v2\/product\/2871","targetHints":{"allow":["GET"]}}],"collection":[{"href":"https:\/\/www.flacunhasemijoias.com.br\/loja\/wp-json\/wp\/v2\/product"}],"about":[{"href":"https:\/\/www.flacunhasemijoias.com.br\/loja\/wp-json\/wp\/v2\/types\/product"}],"wp:featuredmedia":[{"embeddable":true,"href":"https:\/\/www.flacunhasemijoias.com.br\/loja\/wp-json\/wp\/v2\/media\/2876"}],"wp:attachment":[{"href":"https:\/\/www.flacunhasemijoias.com.br\/loja\/wp-json\/wp\/v2\/media?parent=2871"}],"wp:term":[{"taxonomy":"product_brand","embeddable":true,"href":"https:\/\/www.flacunhasemijoias.com.br\/loja\/wp-json\/wp\/v2\/product_brand?post=2871"},{"taxonomy":"product_cat","embeddable":true,"href":"https:\/\/www.flacunhasemijoias.com.br\/loja\/wp-json\/wp\/v2\/product_cat?post=2871"},{"taxonomy":"product_tag","embeddable":true,"href":"https:\/\/www.flacunhasemijoias.com.br\/loja\/wp-json\/wp\/v2\/product_tag?post=2871"}],"curies":[{"name":"wp","href":"https:\/\/api.w.org\/{rel}","templated":true}]}}