{"id":3282,"date":"2025-04-02T11:19:40","date_gmt":"2025-04-02T14:19:40","guid":{"rendered":"https:\/\/www.flacunhasemijoias.com.br\/loja\/?post_type=product&#038;p=3282"},"modified":"2025-07-23T22:58:12","modified_gmt":"2025-07-24T01:58:12","slug":"anel-oval-banhado-ouro-18k","status":"publish","type":"product","link":"https:\/\/www.flacunhasemijoias.com.br\/loja\/produto\/anel-oval-banhado-ouro-18k\/","title":{"rendered":"Anel com Zirc\u00f4nia Oval Banhado Ouro 18k"},"content":{"rendered":"<p>Anel banhado a ouro 18k, com uma pedra de zirc\u00f4nia oval cravejada com zirc\u00f4nias.<\/p>\n","protected":false},"excerpt":{"rendered":"<p>Anel banhado a ouro 18k, com uma pedra de zirc\u00f4nia oval cravejada com zirc\u00f4nias.<\/p>\n","protected":false},"featured_media":3284,"template":"","meta":[],"product_brand":[],"product_cat":[213],"product_tag":[65,72,62,54],"class_list":{"0":"post-3282","1":"product","2":"type-product","3":"status-publish","4":"has-post-thumbnail","6":"product_cat-aneis","7":"product_tag-anel","8":"product_tag-cravejado","9":"product_tag-folheado","10":"product_tag-zirconia","11":"pa_numero-33","13":"first","14":"instock","15":"shipping-taxable","16":"purchasable","17":"product-type-variable"},"aioseo_notices":[],"_links":{"self":[{"href":"https:\/\/www.flacunhasemijoias.com.br\/loja\/wp-json\/wp\/v2\/product\/3282","targetHints":{"allow":["GET"]}}],"collection":[{"href":"https:\/\/www.flacunhasemijoias.com.br\/loja\/wp-json\/wp\/v2\/product"}],"about":[{"href":"https:\/\/www.flacunhasemijoias.com.br\/loja\/wp-json\/wp\/v2\/types\/product"}],"wp:featuredmedia":[{"embeddable":true,"href":"https:\/\/www.flacunhasemijoias.com.br\/loja\/wp-json\/wp\/v2\/media\/3284"}],"wp:attachment":[{"href":"https:\/\/www.flacunhasemijoias.com.br\/loja\/wp-json\/wp\/v2\/media?parent=3282"}],"wp:term":[{"taxonomy":"product_brand","embeddable":true,"href":"https:\/\/www.flacunhasemijoias.com.br\/loja\/wp-json\/wp\/v2\/product_brand?post=3282"},{"taxonomy":"product_cat","embeddable":true,"href":"https:\/\/www.flacunhasemijoias.com.br\/loja\/wp-json\/wp\/v2\/product_cat?post=3282"},{"taxonomy":"product_tag","embeddable":true,"href":"https:\/\/www.flacunhasemijoias.com.br\/loja\/wp-json\/wp\/v2\/product_tag?post=3282"}],"curies":[{"name":"wp","href":"https:\/\/api.w.org\/{rel}","templated":true}]}}