{"id":3304,"date":"2025-04-02T12:27:16","date_gmt":"2025-04-02T15:27:16","guid":{"rendered":"https:\/\/www.flacunhasemijoias.com.br\/loja\/?post_type=product&#038;p=3304"},"modified":"2025-07-23T13:49:05","modified_gmt":"2025-07-23T16:49:05","slug":"anel-fileiras-zirconias-rodio-negro","status":"publish","type":"product","link":"https:\/\/www.flacunhasemijoias.com.br\/loja\/produto\/anel-fileiras-zirconias-rodio-negro\/","title":{"rendered":"Anel 5 Fileiras Cravejadas de Zirc\u00f4nias Coloridas em R\u00f3dio Negro"},"content":{"rendered":"<p>Anel de r\u00f3dio negro, com 5 fileiras cravejadas com zirc\u00f4nias coloridas.<\/p>\n","protected":false},"excerpt":{"rendered":"<p>Anel de r\u00f3dio negro, com 5 fileiras cravejadas com zirc\u00f4nias coloridas.<\/p>\n","protected":false},"featured_media":3306,"template":"","meta":[],"product_brand":[],"product_cat":[213],"product_tag":[65,72,53,118],"class_list":{"0":"post-3304","1":"product","2":"type-product","3":"status-publish","4":"has-post-thumbnail","6":"product_cat-aneis","7":"product_tag-anel","8":"product_tag-cravejado","9":"product_tag-rodio-negro","10":"product_tag-zirconia-colorida","11":"pa_numero-34","13":"first","14":"instock","15":"shipping-taxable","16":"purchasable","17":"product-type-variable"},"aioseo_notices":[],"_links":{"self":[{"href":"https:\/\/www.flacunhasemijoias.com.br\/loja\/wp-json\/wp\/v2\/product\/3304","targetHints":{"allow":["GET"]}}],"collection":[{"href":"https:\/\/www.flacunhasemijoias.com.br\/loja\/wp-json\/wp\/v2\/product"}],"about":[{"href":"https:\/\/www.flacunhasemijoias.com.br\/loja\/wp-json\/wp\/v2\/types\/product"}],"wp:featuredmedia":[{"embeddable":true,"href":"https:\/\/www.flacunhasemijoias.com.br\/loja\/wp-json\/wp\/v2\/media\/3306"}],"wp:attachment":[{"href":"https:\/\/www.flacunhasemijoias.com.br\/loja\/wp-json\/wp\/v2\/media?parent=3304"}],"wp:term":[{"taxonomy":"product_brand","embeddable":true,"href":"https:\/\/www.flacunhasemijoias.com.br\/loja\/wp-json\/wp\/v2\/product_brand?post=3304"},{"taxonomy":"product_cat","embeddable":true,"href":"https:\/\/www.flacunhasemijoias.com.br\/loja\/wp-json\/wp\/v2\/product_cat?post=3304"},{"taxonomy":"product_tag","embeddable":true,"href":"https:\/\/www.flacunhasemijoias.com.br\/loja\/wp-json\/wp\/v2\/product_tag?post=3304"}],"curies":[{"name":"wp","href":"https:\/\/api.w.org\/{rel}","templated":true}]}}