{"id":3327,"date":"2025-04-02T14:32:48","date_gmt":"2025-04-02T17:32:48","guid":{"rendered":"https:\/\/www.flacunhasemijoias.com.br\/loja\/?post_type=product&#038;p=3327"},"modified":"2025-07-23T13:51:19","modified_gmt":"2025-07-23T16:51:19","slug":"anel-topazio-rodio-negro","status":"publish","type":"product","link":"https:\/\/www.flacunhasemijoias.com.br\/loja\/produto\/anel-topazio-rodio-negro\/","title":{"rendered":"Anel Top\u00e1zio Azul em R\u00f3dio Negro"},"content":{"rendered":"<p>Anel de r\u00f3dio negro com zirc\u00f4nias de top\u00e1zio azul, ametista e branca.<\/p>\n","protected":false},"excerpt":{"rendered":"<p>Anel de r\u00f3dio negro com zirc\u00f4nias de top\u00e1zio azul, ametista e branca.<\/p>\n","protected":false},"featured_media":3330,"template":"","meta":[],"product_brand":[],"product_cat":[213],"product_tag":[65,53,102],"class_list":{"0":"post-3327","1":"product","2":"type-product","3":"status-publish","4":"has-post-thumbnail","6":"product_cat-aneis","7":"product_tag-anel","8":"product_tag-rodio-negro","9":"product_tag-topazio","10":"pa_numero-33","11":"pa_numero-35","13":"first","14":"instock","15":"shipping-taxable","16":"purchasable","17":"product-type-variable"},"aioseo_notices":[],"_links":{"self":[{"href":"https:\/\/www.flacunhasemijoias.com.br\/loja\/wp-json\/wp\/v2\/product\/3327","targetHints":{"allow":["GET"]}}],"collection":[{"href":"https:\/\/www.flacunhasemijoias.com.br\/loja\/wp-json\/wp\/v2\/product"}],"about":[{"href":"https:\/\/www.flacunhasemijoias.com.br\/loja\/wp-json\/wp\/v2\/types\/product"}],"wp:featuredmedia":[{"embeddable":true,"href":"https:\/\/www.flacunhasemijoias.com.br\/loja\/wp-json\/wp\/v2\/media\/3330"}],"wp:attachment":[{"href":"https:\/\/www.flacunhasemijoias.com.br\/loja\/wp-json\/wp\/v2\/media?parent=3327"}],"wp:term":[{"taxonomy":"product_brand","embeddable":true,"href":"https:\/\/www.flacunhasemijoias.com.br\/loja\/wp-json\/wp\/v2\/product_brand?post=3327"},{"taxonomy":"product_cat","embeddable":true,"href":"https:\/\/www.flacunhasemijoias.com.br\/loja\/wp-json\/wp\/v2\/product_cat?post=3327"},{"taxonomy":"product_tag","embeddable":true,"href":"https:\/\/www.flacunhasemijoias.com.br\/loja\/wp-json\/wp\/v2\/product_tag?post=3327"}],"curies":[{"name":"wp","href":"https:\/\/api.w.org\/{rel}","templated":true}]}}