{"id":3338,"date":"2025-04-02T15:41:53","date_gmt":"2025-04-02T18:41:53","guid":{"rendered":"https:\/\/www.flacunhasemijoias.com.br\/loja\/?post_type=product&#038;p=3338"},"modified":"2025-07-23T13:44:53","modified_gmt":"2025-07-23T16:44:53","slug":"anel-turmalina-rodio-negro","status":"publish","type":"product","link":"https:\/\/www.flacunhasemijoias.com.br\/loja\/produto\/anel-turmalina-rodio-negro\/","title":{"rendered":"Anel Turmalina com Zirc\u00f4nias Brancas e Chocolate em R\u00f3dio Negro"},"content":{"rendered":"<p>Anel de r\u00f3dio negro, com gotas de turmalina, cravejado de zirc\u00f4nias brancas e zirc\u00f4nias chocolate.<\/p>\n","protected":false},"excerpt":{"rendered":"<p>Anel de r\u00f3dio negro, com gotas de turmalina, cravejado de zirc\u00f4nias brancas e zirc\u00f4nias chocolate.<\/p>\n","protected":false},"featured_media":3340,"template":"","meta":[],"product_brand":[],"product_cat":[213],"product_tag":[65,53,56],"class_list":{"0":"post-3338","1":"product","2":"type-product","3":"status-publish","4":"has-post-thumbnail","6":"product_cat-aneis","7":"product_tag-anel","8":"product_tag-rodio-negro","9":"product_tag-turmalina","10":"pa_numero-34","12":"first","13":"instock","14":"shipping-taxable","15":"purchasable","16":"product-type-variable"},"aioseo_notices":[],"_links":{"self":[{"href":"https:\/\/www.flacunhasemijoias.com.br\/loja\/wp-json\/wp\/v2\/product\/3338","targetHints":{"allow":["GET"]}}],"collection":[{"href":"https:\/\/www.flacunhasemijoias.com.br\/loja\/wp-json\/wp\/v2\/product"}],"about":[{"href":"https:\/\/www.flacunhasemijoias.com.br\/loja\/wp-json\/wp\/v2\/types\/product"}],"wp:featuredmedia":[{"embeddable":true,"href":"https:\/\/www.flacunhasemijoias.com.br\/loja\/wp-json\/wp\/v2\/media\/3340"}],"wp:attachment":[{"href":"https:\/\/www.flacunhasemijoias.com.br\/loja\/wp-json\/wp\/v2\/media?parent=3338"}],"wp:term":[{"taxonomy":"product_brand","embeddable":true,"href":"https:\/\/www.flacunhasemijoias.com.br\/loja\/wp-json\/wp\/v2\/product_brand?post=3338"},{"taxonomy":"product_cat","embeddable":true,"href":"https:\/\/www.flacunhasemijoias.com.br\/loja\/wp-json\/wp\/v2\/product_cat?post=3338"},{"taxonomy":"product_tag","embeddable":true,"href":"https:\/\/www.flacunhasemijoias.com.br\/loja\/wp-json\/wp\/v2\/product_tag?post=3338"}],"curies":[{"name":"wp","href":"https:\/\/api.w.org\/{rel}","templated":true}]}}