{"id":3343,"date":"2025-04-02T16:02:35","date_gmt":"2025-04-02T19:02:35","guid":{"rendered":"https:\/\/www.flacunhasemijoias.com.br\/loja\/?post_type=product&#038;p=3343"},"modified":"2025-07-23T22:57:58","modified_gmt":"2025-07-24T01:57:58","slug":"anel-cristal-agua-marinha-prata-925","status":"publish","type":"product","link":"https:\/\/www.flacunhasemijoias.com.br\/loja\/produto\/anel-cristal-agua-marinha-prata-925\/","title":{"rendered":"Anel Cristal de \u00c1gua Marinha em R\u00f3dio"},"content":{"rendered":"<p>Anel de r\u00f3dio, com cristal de \u00e1gua marinha cravejado de zirc\u00f4nias.<\/p>\n","protected":false},"excerpt":{"rendered":"<p>Anel de r\u00f3dio, com cristal de \u00e1gua marinha cravejado de zirc\u00f4nias.<\/p>\n","protected":false},"featured_media":3346,"template":"","meta":[],"product_brand":[],"product_cat":[213],"product_tag":[65,218,141],"class_list":{"0":"post-3343","1":"product","2":"type-product","3":"status-publish","4":"has-post-thumbnail","6":"product_cat-aneis","7":"product_tag-anel","8":"product_tag-cristal-agua-marinha","9":"product_tag-prata-925","10":"pa_numero-36","12":"first","13":"instock","14":"shipping-taxable","15":"purchasable","16":"product-type-variable"},"aioseo_notices":[],"_links":{"self":[{"href":"https:\/\/www.flacunhasemijoias.com.br\/loja\/wp-json\/wp\/v2\/product\/3343","targetHints":{"allow":["GET"]}}],"collection":[{"href":"https:\/\/www.flacunhasemijoias.com.br\/loja\/wp-json\/wp\/v2\/product"}],"about":[{"href":"https:\/\/www.flacunhasemijoias.com.br\/loja\/wp-json\/wp\/v2\/types\/product"}],"wp:featuredmedia":[{"embeddable":true,"href":"https:\/\/www.flacunhasemijoias.com.br\/loja\/wp-json\/wp\/v2\/media\/3346"}],"wp:attachment":[{"href":"https:\/\/www.flacunhasemijoias.com.br\/loja\/wp-json\/wp\/v2\/media?parent=3343"}],"wp:term":[{"taxonomy":"product_brand","embeddable":true,"href":"https:\/\/www.flacunhasemijoias.com.br\/loja\/wp-json\/wp\/v2\/product_brand?post=3343"},{"taxonomy":"product_cat","embeddable":true,"href":"https:\/\/www.flacunhasemijoias.com.br\/loja\/wp-json\/wp\/v2\/product_cat?post=3343"},{"taxonomy":"product_tag","embeddable":true,"href":"https:\/\/www.flacunhasemijoias.com.br\/loja\/wp-json\/wp\/v2\/product_tag?post=3343"}],"curies":[{"name":"wp","href":"https:\/\/api.w.org\/{rel}","templated":true}]}}