{"id":3349,"date":"2025-04-02T16:16:38","date_gmt":"2025-04-02T19:16:38","guid":{"rendered":"https:\/\/www.flacunhasemijoias.com.br\/loja\/?post_type=product&#038;p=3349"},"modified":"2025-11-15T16:14:04","modified_gmt":"2025-11-15T19:14:04","slug":"anel-zirconias-negras-em-rodio-negro","status":"publish","type":"product","link":"https:\/\/www.flacunhasemijoias.com.br\/loja\/produto\/anel-zirconias-negras-em-rodio-negro\/","title":{"rendered":"Anel Mandala Cravejada de Zirc\u00f4nias Negras em R\u00f3dio Negro"},"content":{"rendered":"<p>Anel de r\u00f3dio negro, com uma mandala cravejada de zirc\u00f4nias negras.<\/p>\n","protected":false},"excerpt":{"rendered":"<p>Anel de r\u00f3dio negro, com uma mandala cravejada de zirc\u00f4nias negras.<\/p>\n","protected":false},"featured_media":3352,"template":"","meta":[],"product_brand":[],"product_cat":[213],"product_tag":[65,72,53,78],"class_list":{"0":"post-3349","1":"product","2":"type-product","3":"status-publish","4":"has-post-thumbnail","6":"product_cat-aneis","7":"product_tag-anel","8":"product_tag-cravejado","9":"product_tag-rodio-negro","10":"product_tag-zirconia-negra","11":"pa_numero-35","13":"first","14":"outofstock","15":"shipping-taxable","16":"purchasable","17":"product-type-variable"},"aioseo_notices":[],"_links":{"self":[{"href":"https:\/\/www.flacunhasemijoias.com.br\/loja\/wp-json\/wp\/v2\/product\/3349","targetHints":{"allow":["GET"]}}],"collection":[{"href":"https:\/\/www.flacunhasemijoias.com.br\/loja\/wp-json\/wp\/v2\/product"}],"about":[{"href":"https:\/\/www.flacunhasemijoias.com.br\/loja\/wp-json\/wp\/v2\/types\/product"}],"wp:featuredmedia":[{"embeddable":true,"href":"https:\/\/www.flacunhasemijoias.com.br\/loja\/wp-json\/wp\/v2\/media\/3352"}],"wp:attachment":[{"href":"https:\/\/www.flacunhasemijoias.com.br\/loja\/wp-json\/wp\/v2\/media?parent=3349"}],"wp:term":[{"taxonomy":"product_brand","embeddable":true,"href":"https:\/\/www.flacunhasemijoias.com.br\/loja\/wp-json\/wp\/v2\/product_brand?post=3349"},{"taxonomy":"product_cat","embeddable":true,"href":"https:\/\/www.flacunhasemijoias.com.br\/loja\/wp-json\/wp\/v2\/product_cat?post=3349"},{"taxonomy":"product_tag","embeddable":true,"href":"https:\/\/www.flacunhasemijoias.com.br\/loja\/wp-json\/wp\/v2\/product_tag?post=3349"}],"curies":[{"name":"wp","href":"https:\/\/api.w.org\/{rel}","templated":true}]}}