{"id":3355,"date":"2025-04-02T16:27:14","date_gmt":"2025-04-02T19:27:14","guid":{"rendered":"https:\/\/www.flacunhasemijoias.com.br\/loja\/?post_type=product&#038;p=3355"},"modified":"2025-10-10T12:06:34","modified_gmt":"2025-10-10T15:06:34","slug":"anel-cristal-paraiba-rodio-negro","status":"publish","type":"product","link":"https:\/\/www.flacunhasemijoias.com.br\/loja\/produto\/anel-cristal-paraiba-rodio-negro\/","title":{"rendered":"Anel Cristal Para\u00edba de R\u00f3dio Negro"},"content":{"rendered":"<p>Anel de r\u00f3dio negro com cristal Para\u00edba e zirc\u00f4nias negras.<\/p>\n","protected":false},"excerpt":{"rendered":"<p>Anel de r\u00f3dio negro com cristal Para\u00edba e zirc\u00f4nias negras.<\/p>\n","protected":false},"featured_media":3357,"template":"","meta":[],"product_brand":[],"product_cat":[213],"product_tag":[65,60,53],"class_list":{"0":"post-3355","1":"product","2":"type-product","3":"status-publish","4":"has-post-thumbnail","6":"product_cat-aneis","7":"product_tag-anel","8":"product_tag-cristal-paraiba","9":"product_tag-rodio-negro","10":"pa_numero-36","12":"first","13":"outofstock","14":"shipping-taxable","15":"product-type-variable"},"aioseo_notices":[],"_links":{"self":[{"href":"https:\/\/www.flacunhasemijoias.com.br\/loja\/wp-json\/wp\/v2\/product\/3355","targetHints":{"allow":["GET"]}}],"collection":[{"href":"https:\/\/www.flacunhasemijoias.com.br\/loja\/wp-json\/wp\/v2\/product"}],"about":[{"href":"https:\/\/www.flacunhasemijoias.com.br\/loja\/wp-json\/wp\/v2\/types\/product"}],"wp:featuredmedia":[{"embeddable":true,"href":"https:\/\/www.flacunhasemijoias.com.br\/loja\/wp-json\/wp\/v2\/media\/3357"}],"wp:attachment":[{"href":"https:\/\/www.flacunhasemijoias.com.br\/loja\/wp-json\/wp\/v2\/media?parent=3355"}],"wp:term":[{"taxonomy":"product_brand","embeddable":true,"href":"https:\/\/www.flacunhasemijoias.com.br\/loja\/wp-json\/wp\/v2\/product_brand?post=3355"},{"taxonomy":"product_cat","embeddable":true,"href":"https:\/\/www.flacunhasemijoias.com.br\/loja\/wp-json\/wp\/v2\/product_cat?post=3355"},{"taxonomy":"product_tag","embeddable":true,"href":"https:\/\/www.flacunhasemijoias.com.br\/loja\/wp-json\/wp\/v2\/product_tag?post=3355"}],"curies":[{"name":"wp","href":"https:\/\/api.w.org\/{rel}","templated":true}]}}