{"id":3389,"date":"2025-04-03T10:50:32","date_gmt":"2025-04-03T13:50:32","guid":{"rendered":"https:\/\/www.flacunhasemijoias.com.br\/loja\/?post_type=product&#038;p=3389"},"modified":"2025-07-23T13:36:56","modified_gmt":"2025-07-23T16:36:56","slug":"anel-gota-cristal-paraiba-rodio-negro","status":"publish","type":"product","link":"https:\/\/www.flacunhasemijoias.com.br\/loja\/produto\/anel-gota-cristal-paraiba-rodio-negro\/","title":{"rendered":"Anel Gota Cristal Para\u00edba Cravejado de Zirc\u00f4nias Negras em R\u00f3dio Negro"},"content":{"rendered":"<p>Anel de r\u00f3dio negro, com gota de cristal Para\u00edba cravejado de zirc\u00f4nias negras .<\/p>\n","protected":false},"excerpt":{"rendered":"<p>Anel de r\u00f3dio negro, com gota de cristal Para\u00edba cravejado de zirc\u00f4nias negras .<\/p>\n","protected":false},"featured_media":3392,"template":"","meta":[],"product_brand":[],"product_cat":[213],"product_tag":[65,60,53,78],"class_list":{"0":"post-3389","1":"product","2":"type-product","3":"status-publish","4":"has-post-thumbnail","6":"product_cat-aneis","7":"product_tag-anel","8":"product_tag-cristal-paraiba","9":"product_tag-rodio-negro","10":"product_tag-zirconia-negra","11":"pa_numero-32","12":"pa_numero-35","14":"first","15":"instock","16":"shipping-taxable","17":"purchasable","18":"product-type-variable"},"aioseo_notices":[],"_links":{"self":[{"href":"https:\/\/www.flacunhasemijoias.com.br\/loja\/wp-json\/wp\/v2\/product\/3389","targetHints":{"allow":["GET"]}}],"collection":[{"href":"https:\/\/www.flacunhasemijoias.com.br\/loja\/wp-json\/wp\/v2\/product"}],"about":[{"href":"https:\/\/www.flacunhasemijoias.com.br\/loja\/wp-json\/wp\/v2\/types\/product"}],"wp:featuredmedia":[{"embeddable":true,"href":"https:\/\/www.flacunhasemijoias.com.br\/loja\/wp-json\/wp\/v2\/media\/3392"}],"wp:attachment":[{"href":"https:\/\/www.flacunhasemijoias.com.br\/loja\/wp-json\/wp\/v2\/media?parent=3389"}],"wp:term":[{"taxonomy":"product_brand","embeddable":true,"href":"https:\/\/www.flacunhasemijoias.com.br\/loja\/wp-json\/wp\/v2\/product_brand?post=3389"},{"taxonomy":"product_cat","embeddable":true,"href":"https:\/\/www.flacunhasemijoias.com.br\/loja\/wp-json\/wp\/v2\/product_cat?post=3389"},{"taxonomy":"product_tag","embeddable":true,"href":"https:\/\/www.flacunhasemijoias.com.br\/loja\/wp-json\/wp\/v2\/product_tag?post=3389"}],"curies":[{"name":"wp","href":"https:\/\/api.w.org\/{rel}","templated":true}]}}