{"id":3405,"date":"2025-04-03T11:18:46","date_gmt":"2025-04-03T14:18:46","guid":{"rendered":"https:\/\/www.flacunhasemijoias.com.br\/loja\/?post_type=product&#038;p=3405"},"modified":"2025-11-26T15:49:34","modified_gmt":"2025-11-26T18:49:34","slug":"anel-turquesa-rodio-negro","status":"publish","type":"product","link":"https:\/\/www.flacunhasemijoias.com.br\/loja\/produto\/anel-turquesa-rodio-negro\/","title":{"rendered":"Anel Turquesa em R\u00f3dio Negro"},"content":{"rendered":"<p>Anel de r\u00f3dio negro, cravejado de zirc\u00f4nias turquesas.<\/p>\n","protected":false},"excerpt":{"rendered":"<p>Anel de r\u00f3dio negro, cravejado de zirc\u00f4nias turquesas.<\/p>\n","protected":false},"featured_media":3407,"template":"","meta":[],"product_brand":[],"product_cat":[213],"product_tag":[65,149,53],"class_list":{"0":"post-3405","1":"product","2":"type-product","3":"status-publish","4":"has-post-thumbnail","6":"product_cat-aneis","7":"product_tag-anel","8":"product_tag-azul-turquesa","9":"product_tag-rodio-negro","10":"pa_numero-32","12":"first","13":"instock","14":"shipping-taxable","15":"purchasable","16":"product-type-variable"},"aioseo_notices":[],"_links":{"self":[{"href":"https:\/\/www.flacunhasemijoias.com.br\/loja\/wp-json\/wp\/v2\/product\/3405","targetHints":{"allow":["GET"]}}],"collection":[{"href":"https:\/\/www.flacunhasemijoias.com.br\/loja\/wp-json\/wp\/v2\/product"}],"about":[{"href":"https:\/\/www.flacunhasemijoias.com.br\/loja\/wp-json\/wp\/v2\/types\/product"}],"wp:featuredmedia":[{"embeddable":true,"href":"https:\/\/www.flacunhasemijoias.com.br\/loja\/wp-json\/wp\/v2\/media\/3407"}],"wp:attachment":[{"href":"https:\/\/www.flacunhasemijoias.com.br\/loja\/wp-json\/wp\/v2\/media?parent=3405"}],"wp:term":[{"taxonomy":"product_brand","embeddable":true,"href":"https:\/\/www.flacunhasemijoias.com.br\/loja\/wp-json\/wp\/v2\/product_brand?post=3405"},{"taxonomy":"product_cat","embeddable":true,"href":"https:\/\/www.flacunhasemijoias.com.br\/loja\/wp-json\/wp\/v2\/product_cat?post=3405"},{"taxonomy":"product_tag","embeddable":true,"href":"https:\/\/www.flacunhasemijoias.com.br\/loja\/wp-json\/wp\/v2\/product_tag?post=3405"}],"curies":[{"name":"wp","href":"https:\/\/api.w.org\/{rel}","templated":true}]}}