{"id":3426,"date":"2025-04-03T12:36:45","date_gmt":"2025-04-03T15:36:45","guid":{"rendered":"https:\/\/www.flacunhasemijoias.com.br\/loja\/?post_type=product&#038;p=3426"},"modified":"2026-03-13T16:01:04","modified_gmt":"2026-03-13T19:01:04","slug":"anel-mini-perolas-rodio-negro","status":"publish","type":"product","link":"https:\/\/www.flacunhasemijoias.com.br\/loja\/produto\/anel-mini-perolas-rodio-negro\/","title":{"rendered":"Anel Mini P\u00e9rolas e Mini Zirc\u00f4nias em R\u00f3dio Negro"},"content":{"rendered":"<p>Anel de r\u00f3dio negro com mini p\u00e9rolas e mini zirc\u00f4nias.<\/p>\n","protected":false},"excerpt":{"rendered":"<p>Anel de r\u00f3dio negro com mini p\u00e9rolas e mini zirc\u00f4nias.<\/p>\n","protected":false},"featured_media":3428,"template":"","meta":[],"product_brand":[],"product_cat":[213],"product_tag":[65,58,53,54],"class_list":{"0":"post-3426","1":"product","2":"type-product","3":"status-publish","4":"has-post-thumbnail","6":"product_cat-aneis","7":"product_tag-anel","8":"product_tag-perola","9":"product_tag-rodio-negro","10":"product_tag-zirconia","11":"pa_numero-30","13":"first","14":"instock","15":"shipping-taxable","16":"product-type-variable"},"aioseo_notices":[],"_links":{"self":[{"href":"https:\/\/www.flacunhasemijoias.com.br\/loja\/wp-json\/wp\/v2\/product\/3426","targetHints":{"allow":["GET"]}}],"collection":[{"href":"https:\/\/www.flacunhasemijoias.com.br\/loja\/wp-json\/wp\/v2\/product"}],"about":[{"href":"https:\/\/www.flacunhasemijoias.com.br\/loja\/wp-json\/wp\/v2\/types\/product"}],"wp:featuredmedia":[{"embeddable":true,"href":"https:\/\/www.flacunhasemijoias.com.br\/loja\/wp-json\/wp\/v2\/media\/3428"}],"wp:attachment":[{"href":"https:\/\/www.flacunhasemijoias.com.br\/loja\/wp-json\/wp\/v2\/media?parent=3426"}],"wp:term":[{"taxonomy":"product_brand","embeddable":true,"href":"https:\/\/www.flacunhasemijoias.com.br\/loja\/wp-json\/wp\/v2\/product_brand?post=3426"},{"taxonomy":"product_cat","embeddable":true,"href":"https:\/\/www.flacunhasemijoias.com.br\/loja\/wp-json\/wp\/v2\/product_cat?post=3426"},{"taxonomy":"product_tag","embeddable":true,"href":"https:\/\/www.flacunhasemijoias.com.br\/loja\/wp-json\/wp\/v2\/product_tag?post=3426"}],"curies":[{"name":"wp","href":"https:\/\/api.w.org\/{rel}","templated":true}]}}