{"id":3430,"date":"2025-04-03T12:44:51","date_gmt":"2025-04-03T15:44:51","guid":{"rendered":"https:\/\/www.flacunhasemijoias.com.br\/loja\/?post_type=product&#038;p=3430"},"modified":"2026-02-20T11:32:53","modified_gmt":"2026-02-20T14:32:53","slug":"anel-colorido-rodio-negro","status":"publish","type":"product","link":"https:\/\/www.flacunhasemijoias.com.br\/loja\/produto\/anel-colorido-rodio-negro\/","title":{"rendered":"Anel com Zirc\u00f4nias Coloridas em R\u00f3dio Negro"},"content":{"rendered":"<p>Anel com zirc\u00f4nias coloridas em r\u00f3dio negro.<\/p>\n","protected":false},"excerpt":{"rendered":"<p>Anel com zirc\u00f4nias coloridas em r\u00f3dio negro.<\/p>\n","protected":false},"featured_media":3434,"template":"","meta":[],"product_brand":[],"product_cat":[213],"product_tag":[65,53,118],"class_list":{"0":"post-3430","1":"product","2":"type-product","3":"status-publish","4":"has-post-thumbnail","6":"product_cat-aneis","7":"product_tag-anel","8":"product_tag-rodio-negro","9":"product_tag-zirconia-colorida","10":"pa_numero-34","11":"pa_numero-37","12":"pa_numero-39","14":"first","15":"instock","16":"shipping-taxable","17":"purchasable","18":"product-type-variable"},"aioseo_notices":[],"_links":{"self":[{"href":"https:\/\/www.flacunhasemijoias.com.br\/loja\/wp-json\/wp\/v2\/product\/3430","targetHints":{"allow":["GET"]}}],"collection":[{"href":"https:\/\/www.flacunhasemijoias.com.br\/loja\/wp-json\/wp\/v2\/product"}],"about":[{"href":"https:\/\/www.flacunhasemijoias.com.br\/loja\/wp-json\/wp\/v2\/types\/product"}],"wp:featuredmedia":[{"embeddable":true,"href":"https:\/\/www.flacunhasemijoias.com.br\/loja\/wp-json\/wp\/v2\/media\/3434"}],"wp:attachment":[{"href":"https:\/\/www.flacunhasemijoias.com.br\/loja\/wp-json\/wp\/v2\/media?parent=3430"}],"wp:term":[{"taxonomy":"product_brand","embeddable":true,"href":"https:\/\/www.flacunhasemijoias.com.br\/loja\/wp-json\/wp\/v2\/product_brand?post=3430"},{"taxonomy":"product_cat","embeddable":true,"href":"https:\/\/www.flacunhasemijoias.com.br\/loja\/wp-json\/wp\/v2\/product_cat?post=3430"},{"taxonomy":"product_tag","embeddable":true,"href":"https:\/\/www.flacunhasemijoias.com.br\/loja\/wp-json\/wp\/v2\/product_tag?post=3430"}],"curies":[{"name":"wp","href":"https:\/\/api.w.org\/{rel}","templated":true}]}}