{"id":3450,"date":"2025-04-03T16:09:29","date_gmt":"2025-04-03T19:09:29","guid":{"rendered":"https:\/\/www.flacunhasemijoias.com.br\/loja\/?post_type=product&#038;p=3450"},"modified":"2025-11-26T15:33:22","modified_gmt":"2025-11-26T18:33:22","slug":"anel-duplo-rubi-com-zirconias-negras-rodio-negro","status":"publish","type":"product","link":"https:\/\/www.flacunhasemijoias.com.br\/loja\/produto\/anel-duplo-rubi-com-zirconias-negras-rodio-negro\/","title":{"rendered":"Anel Duplo com Zirc\u00f4nia Rubi e Zirc\u00f4nias Negras em R\u00f3dio Negro"},"content":{"rendered":"<p>Anel duplo de r\u00f3dio negro, um anel com\u00a0 zirc\u00f4nia rubi e outro cravejado com zirc\u00f4nias negras.<\/p>\n","protected":false},"excerpt":{"rendered":"<p>Anel duplo de r\u00f3dio negro, um anel com\u00a0 zirc\u00f4nia rubi e outro cravejado com zirc\u00f4nias negras.<\/p>\n","protected":false},"featured_media":3452,"template":"","meta":[],"product_brand":[],"product_cat":[213],"product_tag":[65,53,61,78],"class_list":{"0":"post-3450","1":"product","2":"type-product","3":"status-publish","4":"has-post-thumbnail","6":"product_cat-aneis","7":"product_tag-anel","8":"product_tag-rodio-negro","9":"product_tag-rubi","10":"product_tag-zirconia-negra","11":"pa_numero-36","13":"first","14":"instock","15":"shipping-taxable","16":"purchasable","17":"product-type-variable"},"aioseo_notices":[],"_links":{"self":[{"href":"https:\/\/www.flacunhasemijoias.com.br\/loja\/wp-json\/wp\/v2\/product\/3450","targetHints":{"allow":["GET"]}}],"collection":[{"href":"https:\/\/www.flacunhasemijoias.com.br\/loja\/wp-json\/wp\/v2\/product"}],"about":[{"href":"https:\/\/www.flacunhasemijoias.com.br\/loja\/wp-json\/wp\/v2\/types\/product"}],"wp:featuredmedia":[{"embeddable":true,"href":"https:\/\/www.flacunhasemijoias.com.br\/loja\/wp-json\/wp\/v2\/media\/3452"}],"wp:attachment":[{"href":"https:\/\/www.flacunhasemijoias.com.br\/loja\/wp-json\/wp\/v2\/media?parent=3450"}],"wp:term":[{"taxonomy":"product_brand","embeddable":true,"href":"https:\/\/www.flacunhasemijoias.com.br\/loja\/wp-json\/wp\/v2\/product_brand?post=3450"},{"taxonomy":"product_cat","embeddable":true,"href":"https:\/\/www.flacunhasemijoias.com.br\/loja\/wp-json\/wp\/v2\/product_cat?post=3450"},{"taxonomy":"product_tag","embeddable":true,"href":"https:\/\/www.flacunhasemijoias.com.br\/loja\/wp-json\/wp\/v2\/product_tag?post=3450"}],"curies":[{"name":"wp","href":"https:\/\/api.w.org\/{rel}","templated":true}]}}