{"id":3474,"date":"2025-04-03T16:54:28","date_gmt":"2025-04-03T19:54:28","guid":{"rendered":"https:\/\/www.flacunhasemijoias.com.br\/loja\/?post_type=product&#038;p=3474"},"modified":"2026-01-10T15:49:40","modified_gmt":"2026-01-10T18:49:40","slug":"anel-duplo-zirconia-negra-rodio-negro","status":"publish","type":"product","link":"https:\/\/www.flacunhasemijoias.com.br\/loja\/produto\/anel-duplo-zirconia-negra-rodio-negro\/","title":{"rendered":"Anel Duplo Zirc\u00f4nia Negra R\u00f3dio Negro"},"content":{"rendered":"<p>Anel duplo de r\u00f3dio negro, um anel cravejado de zirc\u00f4nias negras e outro com uma pedra central de zirc\u00f4nia negra.<\/p>\n","protected":false},"excerpt":{"rendered":"<p>Anel duplo de r\u00f3dio negro, um anel cravejado de zirc\u00f4nias negras e outro com uma pedra central de zirc\u00f4nia negra.<\/p>\n","protected":false},"featured_media":3476,"template":"","meta":[],"product_brand":[],"product_cat":[213],"product_tag":[65,53,78],"class_list":{"0":"post-3474","1":"product","2":"type-product","3":"status-publish","4":"has-post-thumbnail","6":"product_cat-aneis","7":"product_tag-anel","8":"product_tag-rodio-negro","9":"product_tag-zirconia-negra","10":"pa_numero-36","12":"first","13":"instock","14":"shipping-taxable","15":"purchasable","16":"product-type-variable"},"aioseo_notices":[],"_links":{"self":[{"href":"https:\/\/www.flacunhasemijoias.com.br\/loja\/wp-json\/wp\/v2\/product\/3474","targetHints":{"allow":["GET"]}}],"collection":[{"href":"https:\/\/www.flacunhasemijoias.com.br\/loja\/wp-json\/wp\/v2\/product"}],"about":[{"href":"https:\/\/www.flacunhasemijoias.com.br\/loja\/wp-json\/wp\/v2\/types\/product"}],"wp:featuredmedia":[{"embeddable":true,"href":"https:\/\/www.flacunhasemijoias.com.br\/loja\/wp-json\/wp\/v2\/media\/3476"}],"wp:attachment":[{"href":"https:\/\/www.flacunhasemijoias.com.br\/loja\/wp-json\/wp\/v2\/media?parent=3474"}],"wp:term":[{"taxonomy":"product_brand","embeddable":true,"href":"https:\/\/www.flacunhasemijoias.com.br\/loja\/wp-json\/wp\/v2\/product_brand?post=3474"},{"taxonomy":"product_cat","embeddable":true,"href":"https:\/\/www.flacunhasemijoias.com.br\/loja\/wp-json\/wp\/v2\/product_cat?post=3474"},{"taxonomy":"product_tag","embeddable":true,"href":"https:\/\/www.flacunhasemijoias.com.br\/loja\/wp-json\/wp\/v2\/product_tag?post=3474"}],"curies":[{"name":"wp","href":"https:\/\/api.w.org\/{rel}","templated":true}]}}