{"id":3490,"date":"2025-04-04T11:23:27","date_gmt":"2025-04-04T14:23:27","guid":{"rendered":"https:\/\/www.flacunhasemijoias.com.br\/loja\/?post_type=product&#038;p=3490"},"modified":"2025-11-26T15:04:27","modified_gmt":"2025-11-26T18:04:27","slug":"anel-zirconia-negra-rodio-negro-2","status":"publish","type":"product","link":"https:\/\/www.flacunhasemijoias.com.br\/loja\/produto\/anel-zirconia-negra-rodio-negro-2\/","title":{"rendered":"Anel Solit\u00e1rio de Zirc\u00f4nia Negra em R\u00f3dio Negro"},"content":{"rendered":"<p>Anel solit\u00e1rio cravejado de zirc\u00f4nia negra em r\u00f3dio negro.<\/p>\n","protected":false},"excerpt":{"rendered":"<p>Anel solit\u00e1rio cravejado de zirc\u00f4nia negra em r\u00f3dio negro.<\/p>\n","protected":false},"featured_media":3492,"template":"","meta":[],"product_brand":[],"product_cat":[213],"product_tag":[65,53,78],"class_list":{"0":"post-3490","1":"product","2":"type-product","3":"status-publish","4":"has-post-thumbnail","6":"product_cat-aneis","7":"product_tag-anel","8":"product_tag-rodio-negro","9":"product_tag-zirconia-negra","10":"pa_numero-38","12":"first","13":"instock","14":"shipping-taxable","15":"purchasable","16":"product-type-variable"},"aioseo_notices":[],"_links":{"self":[{"href":"https:\/\/www.flacunhasemijoias.com.br\/loja\/wp-json\/wp\/v2\/product\/3490","targetHints":{"allow":["GET"]}}],"collection":[{"href":"https:\/\/www.flacunhasemijoias.com.br\/loja\/wp-json\/wp\/v2\/product"}],"about":[{"href":"https:\/\/www.flacunhasemijoias.com.br\/loja\/wp-json\/wp\/v2\/types\/product"}],"wp:featuredmedia":[{"embeddable":true,"href":"https:\/\/www.flacunhasemijoias.com.br\/loja\/wp-json\/wp\/v2\/media\/3492"}],"wp:attachment":[{"href":"https:\/\/www.flacunhasemijoias.com.br\/loja\/wp-json\/wp\/v2\/media?parent=3490"}],"wp:term":[{"taxonomy":"product_brand","embeddable":true,"href":"https:\/\/www.flacunhasemijoias.com.br\/loja\/wp-json\/wp\/v2\/product_brand?post=3490"},{"taxonomy":"product_cat","embeddable":true,"href":"https:\/\/www.flacunhasemijoias.com.br\/loja\/wp-json\/wp\/v2\/product_cat?post=3490"},{"taxonomy":"product_tag","embeddable":true,"href":"https:\/\/www.flacunhasemijoias.com.br\/loja\/wp-json\/wp\/v2\/product_tag?post=3490"}],"curies":[{"name":"wp","href":"https:\/\/api.w.org\/{rel}","templated":true}]}}