{"id":3692,"date":"2025-04-09T15:48:20","date_gmt":"2025-04-09T18:48:20","guid":{"rendered":"https:\/\/www.flacunhasemijoias.com.br\/loja\/?post_type=product&#038;p=3692"},"modified":"2025-11-27T12:20:27","modified_gmt":"2025-11-27T15:20:27","slug":"anel-mini-coracoes-zirconia-azul-prata-925","status":"publish","type":"product","link":"https:\/\/www.flacunhasemijoias.com.br\/loja\/produto\/anel-mini-coracoes-zirconia-azul-prata-925\/","title":{"rendered":"Anel Mini Cora\u00e7\u00f5es Zirc\u00f4nia Azul Prata 925"},"content":{"rendered":"<p>Anel mini cora\u00e7\u00f5es zirc\u00f4nia azul, em prata 925.<\/p>\n","protected":false},"excerpt":{"rendered":"<p>Anel mini cora\u00e7\u00f5es zirc\u00f4nia azul, em prata 925.<\/p>\n","protected":false},"featured_media":3695,"template":"","meta":[],"product_brand":[],"product_cat":[213],"product_tag":[65,113,141,161],"class_list":{"0":"post-3692","1":"product","2":"type-product","3":"status-publish","4":"has-post-thumbnail","6":"product_cat-aneis","7":"product_tag-anel","8":"product_tag-coracao","9":"product_tag-prata-925","10":"product_tag-zirconia-azul","11":"pa_numero-31","12":"pa_numero-33","14":"first","15":"instock","16":"shipping-taxable","17":"purchasable","18":"product-type-variable"},"aioseo_notices":[],"_links":{"self":[{"href":"https:\/\/www.flacunhasemijoias.com.br\/loja\/wp-json\/wp\/v2\/product\/3692","targetHints":{"allow":["GET"]}}],"collection":[{"href":"https:\/\/www.flacunhasemijoias.com.br\/loja\/wp-json\/wp\/v2\/product"}],"about":[{"href":"https:\/\/www.flacunhasemijoias.com.br\/loja\/wp-json\/wp\/v2\/types\/product"}],"wp:featuredmedia":[{"embeddable":true,"href":"https:\/\/www.flacunhasemijoias.com.br\/loja\/wp-json\/wp\/v2\/media\/3695"}],"wp:attachment":[{"href":"https:\/\/www.flacunhasemijoias.com.br\/loja\/wp-json\/wp\/v2\/media?parent=3692"}],"wp:term":[{"taxonomy":"product_brand","embeddable":true,"href":"https:\/\/www.flacunhasemijoias.com.br\/loja\/wp-json\/wp\/v2\/product_brand?post=3692"},{"taxonomy":"product_cat","embeddable":true,"href":"https:\/\/www.flacunhasemijoias.com.br\/loja\/wp-json\/wp\/v2\/product_cat?post=3692"},{"taxonomy":"product_tag","embeddable":true,"href":"https:\/\/www.flacunhasemijoias.com.br\/loja\/wp-json\/wp\/v2\/product_tag?post=3692"}],"curies":[{"name":"wp","href":"https:\/\/api.w.org\/{rel}","templated":true}]}}