{"id":3712,"date":"2025-04-09T16:50:25","date_gmt":"2025-04-09T19:50:25","guid":{"rendered":"https:\/\/www.flacunhasemijoias.com.br\/loja\/?post_type=product&#038;p=3712"},"modified":"2025-07-24T09:50:17","modified_gmt":"2025-07-24T12:50:17","slug":"anel-zirconias-prata-925","status":"publish","type":"product","link":"https:\/\/www.flacunhasemijoias.com.br\/loja\/produto\/anel-zirconias-prata-925\/","title":{"rendered":"Alian\u00e7a de Zirc\u00f4nias em Prata 925"},"content":{"rendered":"<p>Alian\u00e7a de zirc\u00f4nias em prata 925.<\/p>\n","protected":false},"excerpt":{"rendered":"<p>Alian\u00e7a de zirc\u00f4nias em prata 925.<\/p>\n","protected":false},"featured_media":3719,"template":"","meta":[],"product_brand":[],"product_cat":[213],"product_tag":[65,72,141,54],"class_list":{"0":"post-3712","1":"product","2":"type-product","3":"status-publish","4":"has-post-thumbnail","6":"product_cat-aneis","7":"product_tag-anel","8":"product_tag-cravejado","9":"product_tag-prata-925","10":"product_tag-zirconia","11":"pa_numero-33","12":"pa_numero-35","13":"pa_numero-37","14":"pa_numero-38","15":"pa_numero-40","17":"first","18":"instock","19":"shipping-taxable","20":"purchasable","21":"product-type-variable"},"aioseo_notices":[],"_links":{"self":[{"href":"https:\/\/www.flacunhasemijoias.com.br\/loja\/wp-json\/wp\/v2\/product\/3712","targetHints":{"allow":["GET"]}}],"collection":[{"href":"https:\/\/www.flacunhasemijoias.com.br\/loja\/wp-json\/wp\/v2\/product"}],"about":[{"href":"https:\/\/www.flacunhasemijoias.com.br\/loja\/wp-json\/wp\/v2\/types\/product"}],"wp:featuredmedia":[{"embeddable":true,"href":"https:\/\/www.flacunhasemijoias.com.br\/loja\/wp-json\/wp\/v2\/media\/3719"}],"wp:attachment":[{"href":"https:\/\/www.flacunhasemijoias.com.br\/loja\/wp-json\/wp\/v2\/media?parent=3712"}],"wp:term":[{"taxonomy":"product_brand","embeddable":true,"href":"https:\/\/www.flacunhasemijoias.com.br\/loja\/wp-json\/wp\/v2\/product_brand?post=3712"},{"taxonomy":"product_cat","embeddable":true,"href":"https:\/\/www.flacunhasemijoias.com.br\/loja\/wp-json\/wp\/v2\/product_cat?post=3712"},{"taxonomy":"product_tag","embeddable":true,"href":"https:\/\/www.flacunhasemijoias.com.br\/loja\/wp-json\/wp\/v2\/product_tag?post=3712"}],"curies":[{"name":"wp","href":"https:\/\/api.w.org\/{rel}","templated":true}]}}