{"id":3855,"date":"2025-04-10T16:41:16","date_gmt":"2025-04-10T19:41:16","guid":{"rendered":"https:\/\/www.flacunhasemijoias.com.br\/loja\/?post_type=product&#038;p=3855"},"modified":"2026-01-10T20:50:09","modified_gmt":"2026-01-10T23:50:09","slug":"anel-turmalina-prata-925","status":"publish","type":"product","link":"https:\/\/www.flacunhasemijoias.com.br\/loja\/produto\/anel-turmalina-prata-925\/","title":{"rendered":"Anel Duplo Turmalina Cravejado de Zirc\u00f4nias Prata 925"},"content":{"rendered":"<p>Anel duplo, um com pedra de turmalina cravejado de zirc\u00f4nias e um anel cravejado de zirc\u00f4nias em prata 925.<\/p>\n","protected":false},"excerpt":{"rendered":"<p>Anel duplo, um com pedra de turmalina cravejado de zirc\u00f4nias e um anel cravejado de zirc\u00f4nias em prata 925.<\/p>\n","protected":false},"featured_media":3858,"template":"","meta":[],"product_brand":[],"product_cat":[213],"product_tag":[65,141,54],"class_list":{"0":"post-3855","1":"product","2":"type-product","3":"status-publish","4":"has-post-thumbnail","6":"product_cat-aneis","7":"product_tag-anel","8":"product_tag-prata-925","9":"product_tag-zirconia","10":"pa_numero-35","11":"pa_numero-37","13":"first","14":"instock","15":"shipping-taxable","16":"purchasable","17":"product-type-variable"},"aioseo_notices":[],"_links":{"self":[{"href":"https:\/\/www.flacunhasemijoias.com.br\/loja\/wp-json\/wp\/v2\/product\/3855","targetHints":{"allow":["GET"]}}],"collection":[{"href":"https:\/\/www.flacunhasemijoias.com.br\/loja\/wp-json\/wp\/v2\/product"}],"about":[{"href":"https:\/\/www.flacunhasemijoias.com.br\/loja\/wp-json\/wp\/v2\/types\/product"}],"wp:featuredmedia":[{"embeddable":true,"href":"https:\/\/www.flacunhasemijoias.com.br\/loja\/wp-json\/wp\/v2\/media\/3858"}],"wp:attachment":[{"href":"https:\/\/www.flacunhasemijoias.com.br\/loja\/wp-json\/wp\/v2\/media?parent=3855"}],"wp:term":[{"taxonomy":"product_brand","embeddable":true,"href":"https:\/\/www.flacunhasemijoias.com.br\/loja\/wp-json\/wp\/v2\/product_brand?post=3855"},{"taxonomy":"product_cat","embeddable":true,"href":"https:\/\/www.flacunhasemijoias.com.br\/loja\/wp-json\/wp\/v2\/product_cat?post=3855"},{"taxonomy":"product_tag","embeddable":true,"href":"https:\/\/www.flacunhasemijoias.com.br\/loja\/wp-json\/wp\/v2\/product_tag?post=3855"}],"curies":[{"name":"wp","href":"https:\/\/api.w.org\/{rel}","templated":true}]}}