{"id":4045,"date":"2025-04-24T16:11:45","date_gmt":"2025-04-24T19:11:45","guid":{"rendered":"https:\/\/www.flacunhasemijoias.com.br\/loja\/?post_type=product&#038;p=4045"},"modified":"2025-07-23T11:54:17","modified_gmt":"2025-07-23T14:54:17","slug":"anel-2-gotas-zamac","status":"publish","type":"product","link":"https:\/\/www.flacunhasemijoias.com.br\/loja\/produto\/anel-2-gotas-zamac\/","title":{"rendered":"Anel Gotas Zamac"},"content":{"rendered":"<p>Anel regul\u00e1vel de zamac com duas 2 gotas.<\/p>\n<p>Zamac \u00e9 uma liga de metais composta por zinco, alum\u00ednio, magn\u00e9sio e cobre com banho de prata 950.<\/p>\n","protected":false},"excerpt":{"rendered":"<p>Anel regul\u00e1vel de zamac com duas 2 gotas. Zamac \u00e9 uma liga de metais composta por zinco, alum\u00ednio, magn\u00e9sio e cobre com banho de prata 950.<\/p>\n","protected":false},"featured_media":4047,"template":"","meta":[],"product_brand":[],"product_cat":[213],"product_tag":[65,139,142],"class_list":{"0":"post-4045","1":"product","2":"type-product","3":"status-publish","4":"has-post-thumbnail","6":"product_cat-aneis","7":"product_tag-anel","8":"product_tag-gota","9":"product_tag-zamac","10":"pa_numero-35","12":"first","13":"instock","14":"shipping-taxable","15":"purchasable","16":"product-type-variable"},"aioseo_notices":[],"_links":{"self":[{"href":"https:\/\/www.flacunhasemijoias.com.br\/loja\/wp-json\/wp\/v2\/product\/4045","targetHints":{"allow":["GET"]}}],"collection":[{"href":"https:\/\/www.flacunhasemijoias.com.br\/loja\/wp-json\/wp\/v2\/product"}],"about":[{"href":"https:\/\/www.flacunhasemijoias.com.br\/loja\/wp-json\/wp\/v2\/types\/product"}],"wp:featuredmedia":[{"embeddable":true,"href":"https:\/\/www.flacunhasemijoias.com.br\/loja\/wp-json\/wp\/v2\/media\/4047"}],"wp:attachment":[{"href":"https:\/\/www.flacunhasemijoias.com.br\/loja\/wp-json\/wp\/v2\/media?parent=4045"}],"wp:term":[{"taxonomy":"product_brand","embeddable":true,"href":"https:\/\/www.flacunhasemijoias.com.br\/loja\/wp-json\/wp\/v2\/product_brand?post=4045"},{"taxonomy":"product_cat","embeddable":true,"href":"https:\/\/www.flacunhasemijoias.com.br\/loja\/wp-json\/wp\/v2\/product_cat?post=4045"},{"taxonomy":"product_tag","embeddable":true,"href":"https:\/\/www.flacunhasemijoias.com.br\/loja\/wp-json\/wp\/v2\/product_tag?post=4045"}],"curies":[{"name":"wp","href":"https:\/\/api.w.org\/{rel}","templated":true}]}}