{"id":4054,"date":"2025-04-24T16:29:20","date_gmt":"2025-04-24T19:29:20","guid":{"rendered":"https:\/\/www.flacunhasemijoias.com.br\/loja\/?post_type=product&#038;p=4054"},"modified":"2026-01-21T11:16:01","modified_gmt":"2026-01-21T14:16:01","slug":"anel-duas-pedras-zamac","status":"publish","type":"product","link":"https:\/\/www.flacunhasemijoias.com.br\/loja\/produto\/anel-duas-pedras-zamac\/","title":{"rendered":"Anel Duo Cristal Quartzo Zamac"},"content":{"rendered":"<p>Anel regul\u00e1vel com duas pedras de cristal de quartzo, em zamac.<\/p>\n<p>Zamac \u00e9 uma liga de metais composta por zinco, alum\u00ednio, magn\u00e9sio e cobre, com banho de prata 950.<\/p>\n","protected":false},"excerpt":{"rendered":"<p>Anel regul\u00e1vel com duas pedras de cristal de quartzo, em zamac. Zamac \u00e9 uma liga de metais composta por zinco, alum\u00ednio, magn\u00e9sio e cobre, com banho de prata 950.<\/p>\n","protected":false},"featured_media":4056,"template":"","meta":[],"product_brand":[],"product_cat":[213],"product_tag":[65,142,54],"class_list":{"0":"post-4054","1":"product","2":"type-product","3":"status-publish","4":"has-post-thumbnail","6":"product_cat-aneis","7":"product_tag-anel","8":"product_tag-zamac","9":"product_tag-zirconia","10":"pa_numero-37","12":"first","13":"outofstock","14":"shipping-taxable","15":"product-type-variable"},"aioseo_notices":[],"_links":{"self":[{"href":"https:\/\/www.flacunhasemijoias.com.br\/loja\/wp-json\/wp\/v2\/product\/4054","targetHints":{"allow":["GET"]}}],"collection":[{"href":"https:\/\/www.flacunhasemijoias.com.br\/loja\/wp-json\/wp\/v2\/product"}],"about":[{"href":"https:\/\/www.flacunhasemijoias.com.br\/loja\/wp-json\/wp\/v2\/types\/product"}],"wp:featuredmedia":[{"embeddable":true,"href":"https:\/\/www.flacunhasemijoias.com.br\/loja\/wp-json\/wp\/v2\/media\/4056"}],"wp:attachment":[{"href":"https:\/\/www.flacunhasemijoias.com.br\/loja\/wp-json\/wp\/v2\/media?parent=4054"}],"wp:term":[{"taxonomy":"product_brand","embeddable":true,"href":"https:\/\/www.flacunhasemijoias.com.br\/loja\/wp-json\/wp\/v2\/product_brand?post=4054"},{"taxonomy":"product_cat","embeddable":true,"href":"https:\/\/www.flacunhasemijoias.com.br\/loja\/wp-json\/wp\/v2\/product_cat?post=4054"},{"taxonomy":"product_tag","embeddable":true,"href":"https:\/\/www.flacunhasemijoias.com.br\/loja\/wp-json\/wp\/v2\/product_tag?post=4054"}],"curies":[{"name":"wp","href":"https:\/\/api.w.org\/{rel}","templated":true}]}}