{"id":4064,"date":"2025-04-24T16:57:01","date_gmt":"2025-04-24T19:57:01","guid":{"rendered":"https:\/\/www.flacunhasemijoias.com.br\/loja\/?post_type=product&#038;p=4064"},"modified":"2025-07-23T16:09:24","modified_gmt":"2025-07-23T19:09:24","slug":"anel-esmeralda-e-pedras-turquesas-em-rodio-negro","status":"publish","type":"product","link":"https:\/\/www.flacunhasemijoias.com.br\/loja\/produto\/anel-esmeralda-e-pedras-turquesas-em-rodio-negro\/","title":{"rendered":"Anel Esmeralda com Zirc\u00f4nias Turquesas R\u00f3dio Negro"},"content":{"rendered":"<p>Anel com pedras naturais de esmerada e zirc\u00f4nias azul turquesa, em r\u00f3dio negro.<\/p>\n","protected":false},"excerpt":{"rendered":"<p>Anel com pedras naturais de esmerada e zirc\u00f4nias azul turquesa, em r\u00f3dio negro.<\/p>\n","protected":false},"featured_media":4066,"template":"","meta":[],"product_brand":[],"product_cat":[213],"product_tag":[65,149,77],"class_list":{"0":"post-4064","1":"product","2":"type-product","3":"status-publish","4":"has-post-thumbnail","6":"product_cat-aneis","7":"product_tag-anel","8":"product_tag-azul-turquesa","9":"product_tag-esmeralda","10":"pa_numero-33","12":"first","13":"instock","14":"shipping-taxable","15":"purchasable","16":"product-type-variable"},"aioseo_notices":[],"_links":{"self":[{"href":"https:\/\/www.flacunhasemijoias.com.br\/loja\/wp-json\/wp\/v2\/product\/4064","targetHints":{"allow":["GET"]}}],"collection":[{"href":"https:\/\/www.flacunhasemijoias.com.br\/loja\/wp-json\/wp\/v2\/product"}],"about":[{"href":"https:\/\/www.flacunhasemijoias.com.br\/loja\/wp-json\/wp\/v2\/types\/product"}],"wp:featuredmedia":[{"embeddable":true,"href":"https:\/\/www.flacunhasemijoias.com.br\/loja\/wp-json\/wp\/v2\/media\/4066"}],"wp:attachment":[{"href":"https:\/\/www.flacunhasemijoias.com.br\/loja\/wp-json\/wp\/v2\/media?parent=4064"}],"wp:term":[{"taxonomy":"product_brand","embeddable":true,"href":"https:\/\/www.flacunhasemijoias.com.br\/loja\/wp-json\/wp\/v2\/product_brand?post=4064"},{"taxonomy":"product_cat","embeddable":true,"href":"https:\/\/www.flacunhasemijoias.com.br\/loja\/wp-json\/wp\/v2\/product_cat?post=4064"},{"taxonomy":"product_tag","embeddable":true,"href":"https:\/\/www.flacunhasemijoias.com.br\/loja\/wp-json\/wp\/v2\/product_tag?post=4064"}],"curies":[{"name":"wp","href":"https:\/\/api.w.org\/{rel}","templated":true}]}}