{"id":4158,"date":"2025-04-30T12:33:04","date_gmt":"2025-04-30T15:33:04","guid":{"rendered":"https:\/\/www.flacunhasemijoias.com.br\/loja\/?post_type=product&#038;p=4158"},"modified":"2025-05-21T14:21:16","modified_gmt":"2025-05-21T17:21:16","slug":"colar-x-com-zirconias-rodio-branco","status":"publish","type":"product","link":"https:\/\/www.flacunhasemijoias.com.br\/loja\/produto\/colar-x-com-zirconias-rodio-branco\/","title":{"rendered":"Colar Tran\u00e7ado em X com Zirc\u00f4nias de R\u00f3dio Branco"},"content":{"rendered":"<p>Colar de r\u00f3dio branco, tran\u00e7ado em x com 45cm de comprimento, com micro zirc\u00f4nias brancas. Fecho gaveta.<\/p>\n","protected":false},"excerpt":{"rendered":"<p>Colar de r\u00f3dio branco, tran\u00e7ado em x com 45cm de comprimento, com micro zirc\u00f4nias brancas. Fecho gaveta.<\/p>\n","protected":false},"featured_media":4160,"template":"","meta":[],"product_brand":[],"product_cat":[46],"product_tag":[85,160,54],"class_list":{"0":"post-4158","1":"product","2":"type-product","3":"status-publish","4":"has-post-thumbnail","6":"product_cat-colares","7":"product_tag-colar","8":"product_tag-rodio-branco","9":"product_tag-zirconia","11":"first","12":"instock","13":"shipping-taxable","14":"purchasable","15":"product-type-simple"},"aioseo_notices":[],"_links":{"self":[{"href":"https:\/\/www.flacunhasemijoias.com.br\/loja\/wp-json\/wp\/v2\/product\/4158","targetHints":{"allow":["GET"]}}],"collection":[{"href":"https:\/\/www.flacunhasemijoias.com.br\/loja\/wp-json\/wp\/v2\/product"}],"about":[{"href":"https:\/\/www.flacunhasemijoias.com.br\/loja\/wp-json\/wp\/v2\/types\/product"}],"wp:featuredmedia":[{"embeddable":true,"href":"https:\/\/www.flacunhasemijoias.com.br\/loja\/wp-json\/wp\/v2\/media\/4160"}],"wp:attachment":[{"href":"https:\/\/www.flacunhasemijoias.com.br\/loja\/wp-json\/wp\/v2\/media?parent=4158"}],"wp:term":[{"taxonomy":"product_brand","embeddable":true,"href":"https:\/\/www.flacunhasemijoias.com.br\/loja\/wp-json\/wp\/v2\/product_brand?post=4158"},{"taxonomy":"product_cat","embeddable":true,"href":"https:\/\/www.flacunhasemijoias.com.br\/loja\/wp-json\/wp\/v2\/product_cat?post=4158"},{"taxonomy":"product_tag","embeddable":true,"href":"https:\/\/www.flacunhasemijoias.com.br\/loja\/wp-json\/wp\/v2\/product_tag?post=4158"}],"curies":[{"name":"wp","href":"https:\/\/api.w.org\/{rel}","templated":true}]}}