{"id":4187,"date":"2025-04-30T16:27:23","date_gmt":"2025-04-30T19:27:23","guid":{"rendered":"https:\/\/www.flacunhasemijoias.com.br\/loja\/?post_type=product&#038;p=4187"},"modified":"2026-02-11T11:01:41","modified_gmt":"2026-02-11T14:01:41","slug":"riviera-x-rodio-branco","status":"publish","type":"product","link":"https:\/\/www.flacunhasemijoias.com.br\/loja\/produto\/riviera-x-rodio-branco\/","title":{"rendered":"Colar Riviera 45cm com Detalhe X Banhado a Ouro de R\u00f3dio Branco"},"content":{"rendered":"<p>Colar riviera de 45cm de comprimento de r\u00f3dio branco, com detalhe x banhado a ouro 18k e zirc\u00f4nias brancas de 4mm e 4 garras.<\/p>\n<p>Fecho gaveta.<\/p>\n","protected":false},"excerpt":{"rendered":"<p>Colar riviera de 45cm de comprimento de r\u00f3dio branco, com detalhe x banhado a ouro 18k e zirc\u00f4nias brancas de 4mm e 4 garras. Fecho gaveta.<\/p>\n","protected":false},"featured_media":4188,"template":"","meta":[],"product_brand":[],"product_cat":[46],"product_tag":[85,62,122,160,54],"class_list":{"0":"post-4187","1":"product","2":"type-product","3":"status-publish","4":"has-post-thumbnail","6":"product_cat-colares","7":"product_tag-colar","8":"product_tag-folheado","9":"product_tag-riviera","10":"product_tag-rodio-branco","11":"product_tag-zirconia","13":"first","14":"outofstock","15":"shipping-taxable","16":"purchasable","17":"product-type-simple"},"aioseo_notices":[],"_links":{"self":[{"href":"https:\/\/www.flacunhasemijoias.com.br\/loja\/wp-json\/wp\/v2\/product\/4187","targetHints":{"allow":["GET"]}}],"collection":[{"href":"https:\/\/www.flacunhasemijoias.com.br\/loja\/wp-json\/wp\/v2\/product"}],"about":[{"href":"https:\/\/www.flacunhasemijoias.com.br\/loja\/wp-json\/wp\/v2\/types\/product"}],"wp:featuredmedia":[{"embeddable":true,"href":"https:\/\/www.flacunhasemijoias.com.br\/loja\/wp-json\/wp\/v2\/media\/4188"}],"wp:attachment":[{"href":"https:\/\/www.flacunhasemijoias.com.br\/loja\/wp-json\/wp\/v2\/media?parent=4187"}],"wp:term":[{"taxonomy":"product_brand","embeddable":true,"href":"https:\/\/www.flacunhasemijoias.com.br\/loja\/wp-json\/wp\/v2\/product_brand?post=4187"},{"taxonomy":"product_cat","embeddable":true,"href":"https:\/\/www.flacunhasemijoias.com.br\/loja\/wp-json\/wp\/v2\/product_cat?post=4187"},{"taxonomy":"product_tag","embeddable":true,"href":"https:\/\/www.flacunhasemijoias.com.br\/loja\/wp-json\/wp\/v2\/product_tag?post=4187"}],"curies":[{"name":"wp","href":"https:\/\/api.w.org\/{rel}","templated":true}]}}