{"id":4194,"date":"2025-04-30T16:37:21","date_gmt":"2025-04-30T19:37:21","guid":{"rendered":"https:\/\/www.flacunhasemijoias.com.br\/loja\/?post_type=product&#038;p=4194"},"modified":"2025-05-27T11:33:37","modified_gmt":"2025-05-27T14:33:37","slug":"riviera-45cm-rodio-branco","status":"publish","type":"product","link":"https:\/\/www.flacunhasemijoias.com.br\/loja\/produto\/riviera-45cm-rodio-branco\/","title":{"rendered":"Colar Riviera 45cm de R\u00f3dio Branco"},"content":{"rendered":"<p>Colar riviera de 45cm de comprimento, cravejada de zirc\u00f4nias brancas de 4mm, com 3 garras, em r\u00f3dio branco.<\/p>\n<p>Fecho gaveta.<\/p>\n<p>&nbsp;<\/p>\n<p>&nbsp;<\/p>\n","protected":false},"excerpt":{"rendered":"<p>Colar riviera de 45cm de comprimento, cravejada de zirc\u00f4nias brancas de 4mm, com 3 garras, em r\u00f3dio branco. Fecho gaveta. &nbsp; &nbsp;<\/p>\n","protected":false},"featured_media":4192,"template":"","meta":[],"product_brand":[],"product_cat":[46],"product_tag":[85,72,160,54],"class_list":{"0":"post-4194","1":"product","2":"type-product","3":"status-publish","4":"has-post-thumbnail","6":"product_cat-colares","7":"product_tag-colar","8":"product_tag-cravejado","9":"product_tag-rodio-branco","10":"product_tag-zirconia","12":"first","13":"outofstock","14":"shipping-taxable","15":"purchasable","16":"product-type-simple"},"aioseo_notices":[],"_links":{"self":[{"href":"https:\/\/www.flacunhasemijoias.com.br\/loja\/wp-json\/wp\/v2\/product\/4194","targetHints":{"allow":["GET"]}}],"collection":[{"href":"https:\/\/www.flacunhasemijoias.com.br\/loja\/wp-json\/wp\/v2\/product"}],"about":[{"href":"https:\/\/www.flacunhasemijoias.com.br\/loja\/wp-json\/wp\/v2\/types\/product"}],"wp:featuredmedia":[{"embeddable":true,"href":"https:\/\/www.flacunhasemijoias.com.br\/loja\/wp-json\/wp\/v2\/media\/4192"}],"wp:attachment":[{"href":"https:\/\/www.flacunhasemijoias.com.br\/loja\/wp-json\/wp\/v2\/media?parent=4194"}],"wp:term":[{"taxonomy":"product_brand","embeddable":true,"href":"https:\/\/www.flacunhasemijoias.com.br\/loja\/wp-json\/wp\/v2\/product_brand?post=4194"},{"taxonomy":"product_cat","embeddable":true,"href":"https:\/\/www.flacunhasemijoias.com.br\/loja\/wp-json\/wp\/v2\/product_cat?post=4194"},{"taxonomy":"product_tag","embeddable":true,"href":"https:\/\/www.flacunhasemijoias.com.br\/loja\/wp-json\/wp\/v2\/product_tag?post=4194"}],"curies":[{"name":"wp","href":"https:\/\/api.w.org\/{rel}","templated":true}]}}