{"id":4343,"date":"2025-05-06T13:08:39","date_gmt":"2025-05-06T16:08:39","guid":{"rendered":"https:\/\/www.flacunhasemijoias.com.br\/loja\/?post_type=product&#038;p=4343"},"modified":"2025-11-29T10:57:59","modified_gmt":"2025-11-29T13:57:59","slug":"anel-esferas-com-coracao-banhado-ouro-158k","status":"publish","type":"product","link":"https:\/\/www.flacunhasemijoias.com.br\/loja\/produto\/anel-esferas-com-coracao-banhado-ouro-158k\/","title":{"rendered":"Anel Esferas com Cora\u00e7\u00e3o Liso Banhado a Ouro 18k"},"content":{"rendered":"<p>Anel esferas com mini cora\u00e7\u00e3o liso banhado a ouro 18k.<\/p>\n","protected":false},"excerpt":{"rendered":"<p>Anel esferas com mini cora\u00e7\u00e3o liso banhado a ouro 18k.<\/p>\n","protected":false},"featured_media":4350,"template":"","meta":[],"product_brand":[],"product_cat":[213],"product_tag":[65,113,157,62],"class_list":{"0":"post-4343","1":"product","2":"type-product","3":"status-publish","4":"has-post-thumbnail","6":"product_cat-aneis","7":"product_tag-anel","8":"product_tag-coracao","9":"product_tag-esferas","10":"product_tag-folheado","11":"pa_numero-31","12":"pa_numero-32","13":"pa_numero-34","14":"pa_numero-35","15":"pa_numero-38","16":"pa_numero-40","18":"first","19":"instock","20":"shipping-taxable","21":"purchasable","22":"product-type-variable"},"aioseo_notices":[],"_links":{"self":[{"href":"https:\/\/www.flacunhasemijoias.com.br\/loja\/wp-json\/wp\/v2\/product\/4343","targetHints":{"allow":["GET"]}}],"collection":[{"href":"https:\/\/www.flacunhasemijoias.com.br\/loja\/wp-json\/wp\/v2\/product"}],"about":[{"href":"https:\/\/www.flacunhasemijoias.com.br\/loja\/wp-json\/wp\/v2\/types\/product"}],"wp:featuredmedia":[{"embeddable":true,"href":"https:\/\/www.flacunhasemijoias.com.br\/loja\/wp-json\/wp\/v2\/media\/4350"}],"wp:attachment":[{"href":"https:\/\/www.flacunhasemijoias.com.br\/loja\/wp-json\/wp\/v2\/media?parent=4343"}],"wp:term":[{"taxonomy":"product_brand","embeddable":true,"href":"https:\/\/www.flacunhasemijoias.com.br\/loja\/wp-json\/wp\/v2\/product_brand?post=4343"},{"taxonomy":"product_cat","embeddable":true,"href":"https:\/\/www.flacunhasemijoias.com.br\/loja\/wp-json\/wp\/v2\/product_cat?post=4343"},{"taxonomy":"product_tag","embeddable":true,"href":"https:\/\/www.flacunhasemijoias.com.br\/loja\/wp-json\/wp\/v2\/product_tag?post=4343"}],"curies":[{"name":"wp","href":"https:\/\/api.w.org\/{rel}","templated":true}]}}