{"id":4411,"date":"2025-05-07T12:45:26","date_gmt":"2025-05-07T15:45:26","guid":{"rendered":"https:\/\/www.flacunhasemijoias.com.br\/loja\/?post_type=product&#038;p=4411"},"modified":"2025-12-12T16:14:05","modified_gmt":"2025-12-12T19:14:05","slug":"brinco-argola-coracao-p-banhado-ouro-18k","status":"publish","type":"product","link":"https:\/\/www.flacunhasemijoias.com.br\/loja\/produto\/brinco-argola-coracao-p-banhado-ouro-18k\/","title":{"rendered":"Argola Cora\u00e7\u00e3o P Cravejada de Zirc\u00f4nias Banhada Ouro 18k"},"content":{"rendered":"<p>Argola de cora\u00e7\u00e3o P, cravejada com zirc\u00f4nias, banhada a ouro 18k.<\/p>\n","protected":false},"excerpt":{"rendered":"<p>Argola de cora\u00e7\u00e3o P, cravejada com zirc\u00f4nias, banhada a ouro 18k.<\/p>\n","protected":false},"featured_media":4412,"template":"","meta":[],"product_brand":[],"product_cat":[45],"product_tag":[136,66,113,72,62,54],"class_list":{"0":"post-4411","1":"product","2":"type-product","3":"status-publish","4":"has-post-thumbnail","6":"product_cat-brincos","7":"product_tag-argola","8":"product_tag-brinco","9":"product_tag-coracao","10":"product_tag-cravejado","11":"product_tag-folheado","12":"product_tag-zirconia","14":"first","15":"instock","16":"shipping-taxable","17":"purchasable","18":"product-type-simple"},"aioseo_notices":[],"_links":{"self":[{"href":"https:\/\/www.flacunhasemijoias.com.br\/loja\/wp-json\/wp\/v2\/product\/4411","targetHints":{"allow":["GET"]}}],"collection":[{"href":"https:\/\/www.flacunhasemijoias.com.br\/loja\/wp-json\/wp\/v2\/product"}],"about":[{"href":"https:\/\/www.flacunhasemijoias.com.br\/loja\/wp-json\/wp\/v2\/types\/product"}],"wp:featuredmedia":[{"embeddable":true,"href":"https:\/\/www.flacunhasemijoias.com.br\/loja\/wp-json\/wp\/v2\/media\/4412"}],"wp:attachment":[{"href":"https:\/\/www.flacunhasemijoias.com.br\/loja\/wp-json\/wp\/v2\/media?parent=4411"}],"wp:term":[{"taxonomy":"product_brand","embeddable":true,"href":"https:\/\/www.flacunhasemijoias.com.br\/loja\/wp-json\/wp\/v2\/product_brand?post=4411"},{"taxonomy":"product_cat","embeddable":true,"href":"https:\/\/www.flacunhasemijoias.com.br\/loja\/wp-json\/wp\/v2\/product_cat?post=4411"},{"taxonomy":"product_tag","embeddable":true,"href":"https:\/\/www.flacunhasemijoias.com.br\/loja\/wp-json\/wp\/v2\/product_tag?post=4411"}],"curies":[{"name":"wp","href":"https:\/\/api.w.org\/{rel}","templated":true}]}}