{"id":4701,"date":"2025-06-25T14:50:48","date_gmt":"2025-06-25T17:50:48","guid":{"rendered":"https:\/\/www.flacunhasemijoias.com.br\/loja\/?post_type=product&#038;p=4701"},"modified":"2026-02-28T13:50:04","modified_gmt":"2026-02-28T16:50:04","slug":"argola-coracao-rodio-branco","status":"publish","type":"product","link":"https:\/\/www.flacunhasemijoias.com.br\/loja\/produto\/argola-coracao-rodio-branco\/","title":{"rendered":"Argola Cora\u00e7\u00e3o G em R\u00f3dio Branco"},"content":{"rendered":"<p>Argola cora\u00e7\u00e3o G cravejado com zirc\u00f4nias, em r\u00f3dio branco.<\/p>\n","protected":false},"excerpt":{"rendered":"<p>Argola cora\u00e7\u00e3o G cravejado com zirc\u00f4nias, em r\u00f3dio branco.<\/p>\n","protected":false},"featured_media":4703,"template":"","meta":[],"product_brand":[],"product_cat":[45],"product_tag":[136,66,113,72,160,54],"class_list":{"0":"post-4701","1":"product","2":"type-product","3":"status-publish","4":"has-post-thumbnail","6":"product_cat-brincos","7":"product_tag-argola","8":"product_tag-brinco","9":"product_tag-coracao","10":"product_tag-cravejado","11":"product_tag-rodio-branco","12":"product_tag-zirconia","14":"first","15":"instock","16":"shipping-taxable","17":"purchasable","18":"product-type-simple"},"aioseo_notices":[],"_links":{"self":[{"href":"https:\/\/www.flacunhasemijoias.com.br\/loja\/wp-json\/wp\/v2\/product\/4701","targetHints":{"allow":["GET"]}}],"collection":[{"href":"https:\/\/www.flacunhasemijoias.com.br\/loja\/wp-json\/wp\/v2\/product"}],"about":[{"href":"https:\/\/www.flacunhasemijoias.com.br\/loja\/wp-json\/wp\/v2\/types\/product"}],"wp:featuredmedia":[{"embeddable":true,"href":"https:\/\/www.flacunhasemijoias.com.br\/loja\/wp-json\/wp\/v2\/media\/4703"}],"wp:attachment":[{"href":"https:\/\/www.flacunhasemijoias.com.br\/loja\/wp-json\/wp\/v2\/media?parent=4701"}],"wp:term":[{"taxonomy":"product_brand","embeddable":true,"href":"https:\/\/www.flacunhasemijoias.com.br\/loja\/wp-json\/wp\/v2\/product_brand?post=4701"},{"taxonomy":"product_cat","embeddable":true,"href":"https:\/\/www.flacunhasemijoias.com.br\/loja\/wp-json\/wp\/v2\/product_cat?post=4701"},{"taxonomy":"product_tag","embeddable":true,"href":"https:\/\/www.flacunhasemijoias.com.br\/loja\/wp-json\/wp\/v2\/product_tag?post=4701"}],"curies":[{"name":"wp","href":"https:\/\/api.w.org\/{rel}","templated":true}]}}