{"id":4733,"date":"2025-06-26T12:27:27","date_gmt":"2025-06-26T15:27:27","guid":{"rendered":"https:\/\/www.flacunhasemijoias.com.br\/loja\/?post_type=product&#038;p=4733"},"modified":"2025-07-24T17:33:45","modified_gmt":"2025-07-24T20:33:45","slug":"anel-gota-morganita-prata-925-2","status":"publish","type":"product","link":"https:\/\/www.flacunhasemijoias.com.br\/loja\/produto\/anel-gota-morganita-prata-925-2\/","title":{"rendered":"Anel Gota Morganita com Crava\u00e7\u00e3o de Zirc\u00f4nias em Prata 925"},"content":{"rendered":"<p>Anel gota morganita com crava\u00e7\u00e3o de zirc\u00f4nias em volta, em prata 925.<\/p>\n","protected":false},"excerpt":{"rendered":"<p>Anel gota morganita com crava\u00e7\u00e3o de zirc\u00f4nias em volta, em prata 925.<\/p>\n","protected":false},"featured_media":4736,"template":"","meta":[],"product_brand":[],"product_cat":[213],"product_tag":[65,72,57,141,54],"class_list":{"0":"post-4733","1":"product","2":"type-product","3":"status-publish","4":"has-post-thumbnail","6":"product_cat-aneis","7":"product_tag-anel","8":"product_tag-cravejado","9":"product_tag-morganita","10":"product_tag-prata-925","11":"product_tag-zirconia","12":"pa_numero-35","13":"pa_numero-37","15":"first","16":"instock","17":"shipping-taxable","18":"purchasable","19":"product-type-variable"},"aioseo_notices":[],"_links":{"self":[{"href":"https:\/\/www.flacunhasemijoias.com.br\/loja\/wp-json\/wp\/v2\/product\/4733","targetHints":{"allow":["GET"]}}],"collection":[{"href":"https:\/\/www.flacunhasemijoias.com.br\/loja\/wp-json\/wp\/v2\/product"}],"about":[{"href":"https:\/\/www.flacunhasemijoias.com.br\/loja\/wp-json\/wp\/v2\/types\/product"}],"wp:featuredmedia":[{"embeddable":true,"href":"https:\/\/www.flacunhasemijoias.com.br\/loja\/wp-json\/wp\/v2\/media\/4736"}],"wp:attachment":[{"href":"https:\/\/www.flacunhasemijoias.com.br\/loja\/wp-json\/wp\/v2\/media?parent=4733"}],"wp:term":[{"taxonomy":"product_brand","embeddable":true,"href":"https:\/\/www.flacunhasemijoias.com.br\/loja\/wp-json\/wp\/v2\/product_brand?post=4733"},{"taxonomy":"product_cat","embeddable":true,"href":"https:\/\/www.flacunhasemijoias.com.br\/loja\/wp-json\/wp\/v2\/product_cat?post=4733"},{"taxonomy":"product_tag","embeddable":true,"href":"https:\/\/www.flacunhasemijoias.com.br\/loja\/wp-json\/wp\/v2\/product_tag?post=4733"}],"curies":[{"name":"wp","href":"https:\/\/api.w.org\/{rel}","templated":true}]}}