{"id":4750,"date":"2025-06-26T15:16:14","date_gmt":"2025-06-26T18:16:14","guid":{"rendered":"https:\/\/www.flacunhasemijoias.com.br\/loja\/?post_type=product&#038;p=4750"},"modified":"2026-02-12T14:27:11","modified_gmt":"2026-02-12T17:27:11","slug":"alianca-inteira-com-zirconias-brancas-ovais-prata-925","status":"publish","type":"product","link":"https:\/\/www.flacunhasemijoias.com.br\/loja\/produto\/alianca-inteira-com-zirconias-brancas-ovais-prata-925\/","title":{"rendered":"Alian\u00e7a Cravejada com Zirc\u00f4nias Brancas Ovais em Prata 925"},"content":{"rendered":"<p>Alian\u00e7a inteira com zirc\u00f4nias brancas ovais, em prata 925.<\/p>\n","protected":false},"excerpt":{"rendered":"<p>Alian\u00e7a inteira com zirc\u00f4nias brancas ovais, em prata 925.<\/p>\n","protected":false},"featured_media":4753,"template":"","meta":[],"product_brand":[],"product_cat":[213],"product_tag":[65,72,141,54],"class_list":{"0":"post-4750","1":"product","2":"type-product","3":"status-publish","4":"has-post-thumbnail","6":"product_cat-aneis","7":"product_tag-anel","8":"product_tag-cravejado","9":"product_tag-prata-925","10":"product_tag-zirconia","11":"pa_numero-32","12":"pa_numero-35","13":"pa_numero-37","14":"pa_numero-41","16":"first","17":"instock","18":"shipping-taxable","19":"purchasable","20":"product-type-variable"},"aioseo_notices":[],"_links":{"self":[{"href":"https:\/\/www.flacunhasemijoias.com.br\/loja\/wp-json\/wp\/v2\/product\/4750","targetHints":{"allow":["GET"]}}],"collection":[{"href":"https:\/\/www.flacunhasemijoias.com.br\/loja\/wp-json\/wp\/v2\/product"}],"about":[{"href":"https:\/\/www.flacunhasemijoias.com.br\/loja\/wp-json\/wp\/v2\/types\/product"}],"wp:featuredmedia":[{"embeddable":true,"href":"https:\/\/www.flacunhasemijoias.com.br\/loja\/wp-json\/wp\/v2\/media\/4753"}],"wp:attachment":[{"href":"https:\/\/www.flacunhasemijoias.com.br\/loja\/wp-json\/wp\/v2\/media?parent=4750"}],"wp:term":[{"taxonomy":"product_brand","embeddable":true,"href":"https:\/\/www.flacunhasemijoias.com.br\/loja\/wp-json\/wp\/v2\/product_brand?post=4750"},{"taxonomy":"product_cat","embeddable":true,"href":"https:\/\/www.flacunhasemijoias.com.br\/loja\/wp-json\/wp\/v2\/product_cat?post=4750"},{"taxonomy":"product_tag","embeddable":true,"href":"https:\/\/www.flacunhasemijoias.com.br\/loja\/wp-json\/wp\/v2\/product_tag?post=4750"}],"curies":[{"name":"wp","href":"https:\/\/api.w.org\/{rel}","templated":true}]}}