{"id":4802,"date":"2025-07-03T14:59:55","date_gmt":"2025-07-03T17:59:55","guid":{"rendered":"https:\/\/www.flacunhasemijoias.com.br\/loja\/?post_type=product&#038;p=4802"},"modified":"2025-10-08T15:20:04","modified_gmt":"2025-10-08T18:20:04","slug":"colar-espirito-santo-banhado-ouro-18k","status":"publish","type":"product","link":"https:\/\/www.flacunhasemijoias.com.br\/loja\/produto\/colar-espirito-santo-banhado-ouro-18k\/","title":{"rendered":"Colar Esp\u00edrito Santo Banhado a Ouro 18k"},"content":{"rendered":"<p>Colar Esp\u00edrito Santo em madrep\u00e9rola, com mini esferas, banhado a ouro 18k.<\/p>\n","protected":false},"excerpt":{"rendered":"<p>Colar Esp\u00edrito Santo em madrep\u00e9rola, com mini esferas, banhado a ouro 18k.<\/p>\n","protected":false},"featured_media":4803,"template":"","meta":[],"product_brand":[],"product_cat":[46],"product_tag":[157,201,62],"class_list":{"0":"post-4802","1":"product","2":"type-product","3":"status-publish","4":"has-post-thumbnail","6":"product_cat-colares","7":"product_tag-esferas","8":"product_tag-espirito-santo","9":"product_tag-folheado","11":"first","12":"outofstock","13":"shipping-taxable","14":"purchasable","15":"product-type-simple"},"aioseo_notices":[],"_links":{"self":[{"href":"https:\/\/www.flacunhasemijoias.com.br\/loja\/wp-json\/wp\/v2\/product\/4802","targetHints":{"allow":["GET"]}}],"collection":[{"href":"https:\/\/www.flacunhasemijoias.com.br\/loja\/wp-json\/wp\/v2\/product"}],"about":[{"href":"https:\/\/www.flacunhasemijoias.com.br\/loja\/wp-json\/wp\/v2\/types\/product"}],"wp:featuredmedia":[{"embeddable":true,"href":"https:\/\/www.flacunhasemijoias.com.br\/loja\/wp-json\/wp\/v2\/media\/4803"}],"wp:attachment":[{"href":"https:\/\/www.flacunhasemijoias.com.br\/loja\/wp-json\/wp\/v2\/media?parent=4802"}],"wp:term":[{"taxonomy":"product_brand","embeddable":true,"href":"https:\/\/www.flacunhasemijoias.com.br\/loja\/wp-json\/wp\/v2\/product_brand?post=4802"},{"taxonomy":"product_cat","embeddable":true,"href":"https:\/\/www.flacunhasemijoias.com.br\/loja\/wp-json\/wp\/v2\/product_cat?post=4802"},{"taxonomy":"product_tag","embeddable":true,"href":"https:\/\/www.flacunhasemijoias.com.br\/loja\/wp-json\/wp\/v2\/product_tag?post=4802"}],"curies":[{"name":"wp","href":"https:\/\/api.w.org\/{rel}","templated":true}]}}