{"id":4832,"date":"2025-07-04T11:34:02","date_gmt":"2025-07-04T14:34:02","guid":{"rendered":"https:\/\/www.flacunhasemijoias.com.br\/loja\/?post_type=product&#038;p=4832"},"modified":"2025-10-11T11:42:25","modified_gmt":"2025-10-11T14:42:25","slug":"colar-agua-marinha-medalhas-banhado-ouro-18k","status":"publish","type":"product","link":"https:\/\/www.flacunhasemijoias.com.br\/loja\/produto\/colar-agua-marinha-medalhas-banhado-ouro-18k\/","title":{"rendered":"Colar \u00c1gua Marinha com Esp\u00edrito Santo em Madrep\u00e9rola Banhado a Ouro18k"},"content":{"rendered":"<p>Colar \u00e1gua marinha com Esp\u00edrito Santo em madrep\u00e9rola e medalhas, banhado a ouro 18k.<\/p>\n","protected":false},"excerpt":{"rendered":"<p>Colar \u00e1gua marinha com Esp\u00edrito Santo em madrep\u00e9rola e medalhas, banhado a ouro 18k.<\/p>\n","protected":false},"featured_media":4833,"template":"","meta":[],"product_brand":[],"product_cat":[46],"product_tag":[89,72,201,62,264,54],"class_list":{"0":"post-4832","1":"product","2":"type-product","3":"status-publish","4":"has-post-thumbnail","6":"product_cat-colares","7":"product_tag-agua-marinha","8":"product_tag-cravejado","9":"product_tag-espirito-santo","10":"product_tag-folheado","11":"product_tag-medalhas","12":"product_tag-zirconia","14":"first","15":"outofstock","16":"shipping-taxable","17":"purchasable","18":"product-type-simple"},"aioseo_notices":[],"_links":{"self":[{"href":"https:\/\/www.flacunhasemijoias.com.br\/loja\/wp-json\/wp\/v2\/product\/4832","targetHints":{"allow":["GET"]}}],"collection":[{"href":"https:\/\/www.flacunhasemijoias.com.br\/loja\/wp-json\/wp\/v2\/product"}],"about":[{"href":"https:\/\/www.flacunhasemijoias.com.br\/loja\/wp-json\/wp\/v2\/types\/product"}],"wp:featuredmedia":[{"embeddable":true,"href":"https:\/\/www.flacunhasemijoias.com.br\/loja\/wp-json\/wp\/v2\/media\/4833"}],"wp:attachment":[{"href":"https:\/\/www.flacunhasemijoias.com.br\/loja\/wp-json\/wp\/v2\/media?parent=4832"}],"wp:term":[{"taxonomy":"product_brand","embeddable":true,"href":"https:\/\/www.flacunhasemijoias.com.br\/loja\/wp-json\/wp\/v2\/product_brand?post=4832"},{"taxonomy":"product_cat","embeddable":true,"href":"https:\/\/www.flacunhasemijoias.com.br\/loja\/wp-json\/wp\/v2\/product_cat?post=4832"},{"taxonomy":"product_tag","embeddable":true,"href":"https:\/\/www.flacunhasemijoias.com.br\/loja\/wp-json\/wp\/v2\/product_tag?post=4832"}],"curies":[{"name":"wp","href":"https:\/\/api.w.org\/{rel}","templated":true}]}}